{"id":816,"date":"2024-02-12T10:01:02","date_gmt":"2024-02-12T09:01:02","guid":{"rendered":"http:\/\/christelle-rosset.com\/?page_id=816"},"modified":"2025-03-20T14:46:35","modified_gmt":"2025-03-20T13:46:35","slug":"shinpiden-3eme-degre-dans-la-lignee-de-usui-reiki-ryoho","status":"publish","type":"page","link":"https:\/\/christelle-rosset.com\/index.php\/shinpiden-3eme-degre-dans-la-lignee-de-usui-reiki-ryoho\/","title":{"rendered":"Shinpiden (3\u00e8me degr\u00e9) dans la lign\u00e9e de Usui Reiki Ryoho"},"content":{"rendered":"\n<p>L&rsquo;initiation \u00e0 <em>Shinpiden<\/em>, qui signifie \u00ab\u00a0enseignement des myst\u00e8res\u00a0\u00bb, est l&rsquo;opportunit\u00e9 pour les praticien.ne.s et les enseignant.e.s d&rsquo;aller plus loin encore dans la (re)d\u00e9couverte de leur nature v\u00e9ritable qui est d\u00e9j\u00e0 <em>Reiki<\/em>, \u00ab\u00a0grande lumi\u00e8re brillante\u00a0\u00bb.<\/p>\n\n\n\n<p>Contrairement aux id\u00e9es re\u00e7ues, il n&rsquo;est pas seulement destin\u00e9 \u00e0 celles et ceux qui ont envie de transmettre \u00e0 leur tour les enseignements de Mikao Usui. <\/p>\n\n\n\n<p>D&rsquo;ailleurs, il n&rsquo;est que le d\u00e9but du chemin pour celles et ceux qui en sentent l&rsquo;appel. La formation dure 3 jours mais c&rsquo;est \u00e0 la fin de ces journ\u00e9es que l&rsquo;exploration v\u00e9ritable commence. C&rsquo;est l&rsquo;appropriation et la pratique quotidienne, c&rsquo;est l&rsquo;exp\u00e9rience directe qui permettent &#8211; quand le temps est venu &#8211; d&rsquo;accompagner les autres sur leur chemin et de se proposer comme guide.<\/p>\n\n\n\n<p><em>Shinpiden<\/em> s&rsquo;adresse \u00e0 tou.te.s praticien.ne.s d\u00e9sireux.ses d&rsquo;approfondir leur pratique, leur compr\u00e9hension et surtout qui veulent emmener leur pratique dans leur quotidien : celles et ceux qui veulent ETRE le <em>Reiki <\/em>et non \u00ab\u00a0FAIRE du <em>Reiki<\/em>\u00ab\u00a0. C&rsquo;est l&rsquo;int\u00e9gration profonde &#8211; moins intellectuellement que corporellement &#8211; de cette distinction qui est en jeu lors de ce 3\u00e8me degr\u00e9.<\/p>\n\n\n\n<p>Chaque degr\u00e9 apporte des cl\u00e9s qui ouvrent de nouvelles portes qui d\u00e9ploient  d&rsquo;autres chemins \u00e0 exp\u00e9rimenter : autant de plong\u00e9es \u00e0 l&rsquo;int\u00e9rieur de soi pour rayonner son v\u00e9ritable soi, son soi authentique et lumineux.<\/p>\n\n\n\n<p class=\"has-background\" style=\"background-color:#87d77e\"><strong>Objectifs&nbsp;<\/strong><\/p>\n\n\n\n<ul class=\"wp-block-list\">\n<li>Approfondir les enseignements de <em>Shoden<\/em> (1er degr\u00e9) et <em>Okuden<\/em> (2\u00e8me degr\u00e9) et aller plus loin dans la d\u00e9couverte du syst\u00e8me du <em>Reiki<\/em> pour (re)devenir, pour ETRE le <em>Reiki<\/em> tout au long de sa journ\u00e9e, tout au long de sa vie,<\/li>\n\n\n\n<li>Approfondir les techniques de m\u00e9ditation et en d\u00e9couvrir de nouvelles,<\/li>\n\n\n\n<li>Entra\u00eener son esprit \u00e0 laisser aller et venir les pens\u00e9es sans s\u2019y accrocher,<\/li>\n\n\n\n<li>D\u00e9velopper ses capacit\u00e9s \u00e0 (re)sentir l\u2019\u00e9nergie pour am\u00e9liorer sa sant\u00e9, son bien-\u00eatre pour soi et pour les autres,<\/li>\n\n\n\n<li>Apprendre \u00e0 r\u00e9aliser plusieurs formes de Reijus et surtout en comprendre l&rsquo;origine et l&rsquo;\u00e9tat d&rsquo;esprit.<\/li>\n\n\n\n<li>Acqu\u00e9rir les outils pour envisager la transmission \u00e0 son tour (m\u00eame si ce n&rsquo;est que le d\u00e9but du chemin).<\/li>\n<\/ul>\n\n\n\n<p class=\"has-background\" style=\"background-color:#87d77e\"><strong>Pour celles et ceux<\/strong>&nbsp;<\/p>\n\n\n\n<ul class=\"wp-block-list\">\n<li>Qui veulent approfondir leur connaissance du syst\u00e8me du <em>Reiki <\/em>et l\u2019int\u00e9grer plus encore dans leur quotidien,<\/li>\n\n\n\n<li>Qui veulent se sentir plus stables et plus en paix quelles que soient les circonstances ext\u00e9rieures,<\/li>\n\n\n\n<li>Qui veulent apprendre \u00e0 concentrer leur attention et leur \u00e9nergie pour avoir plus de vitalit\u00e9,<\/li>\n\n\n\n<li>Qui veulent faire l\u2019exp\u00e9rience directe et concr\u00e8te de l\u2019interconnexion,<\/li>\n\n\n\n<li>Qui veulent s&#8217;empouvoirer et retrouver leur plein potentiel d&rsquo;auto-gu\u00e9rison,<\/li>\n\n\n\n<li>Qui envisagent de faire des soins dans un cadre professionnel.<\/li>\n\n\n\n<li>Qui envisagent d&rsquo;enseigner le syst\u00e8me du Reiki.<\/li>\n<\/ul>\n\n\n\n<p class=\"has-background\" style=\"background-color:#87d77e\"><strong>D\u00e9roul\u00e9 du stage<\/strong>&nbsp;<\/p>\n\n\n\n<p class=\"has-background\" style=\"background-color:#87d77e\"><strong>Juste ce qu\u2019il faut de th\u00e9orie<\/strong>\u2026<\/p>\n\n\n\n<ul class=\"wp-block-list\">\n<li>Un peu plus loin dans la philosophie du R<em>eiki <\/em>selon <em>Usui Reiki Ryoho<\/em>.<\/li>\n\n\n\n<li>Retours sur la pratique de chacun.e et partage d\u2019exp\u00e9riences (auto-soins, soins).<\/li>\n<\/ul>\n\n\n\n<p class=\"has-background\" style=\"background-color:#87d77e\"><strong>\u2026 et surtout et avant tout de la pratique, de la pratique, de la pratique<\/strong>.<\/p>\n\n\n\n<ul class=\"wp-block-list\">\n<li>Int\u00e9gration des pr\u00e9ceptes \u00e0 notre quotidien pour \u00e9viter d\u2019\u00eatre submerg\u00e9.e par nos \u00e9motions et\/ou croyances limitantes,<\/li>\n\n\n\n<li>Chants de mantras (approfondissement des 3 mantras enseign\u00e9s lors de <em>Okuden<\/em> et d\u00e9couverte du 4\u00e8me mantra),<\/li>\n\n\n\n<li>M\u00e9ditation avec les symboles (approfondissement des 3 symboles enseign\u00e9s lors de <em>Okuden<\/em> et d\u00e9couverte du 4\u00e8me symbole),<\/li>\n\n\n\n<li>M\u00e9ditations additionnelles,<\/li>\n\n\n\n<li>Vous recevrez une initiation\/soin qu\u2019on appelle Reiju et vous apprendrez plusieurs fa\u00e7ons d&rsquo;op\u00e9rer ce rituel pour mieux vous en approprier l&rsquo;\u00e9tat d&rsquo;esprit.<\/li>\n<\/ul>\n\n\n\n<p class=\"has-background\" style=\"background-color:#f15ef1\">Prochaines sessions : dates \u00e0 venir&#8230;<\/p>\n\n\n\n<p>Je peux cr\u00e9er des sessions sur mesure en fonction de vos besoins\/envies. <\/p>\n\n\n\n<p>Si vous avez d\u00e9j\u00e0 un groupe constitu\u00e9, je peux \u00e9galement me d\u00e9placer.<\/p>\n\n\n\n<p>N\u2019h\u00e9sitez pas \u00e0 me contacter \u00e0 christelle.rosset.accompagnement@gmail.com<\/p>\n\n\n\n<p class=\"has-background\" style=\"background-color:#87d77e\"><strong>Apr\u00e8s la formation<\/strong>\u2026<\/p>\n\n\n\n<p>L\u2019initiation \u00e0<strong> Shin<em>piden<\/em> <\/strong>vous aide \u00e0 ouvrir une nouvelle porte mais c\u2019est votre pratique r\u00e9guli\u00e8re qui va permettre que des changements profonds s\u2019installent dans votre vie.<\/p>\n\n\n\n<p>C\u2019est pourquoi, je continue de vous accompagner apr\u00e8s la formation.<\/p>\n\n\n\n<p>Pour cela, je vous propose une fois par mois des <strong>Partages <em>Reiki<\/em><\/strong> (tous niveaux, toute lign\u00e9e), en distanciel sur Skype, en pr\u00e9sentiel \u00e0 Paris 18e.<\/p>\n\n\n\n<p>Je vous propose \u00e9galement des <strong><a href=\"http:\/\/christelle-rosset.com\/index.php\/reiki-play-day\/\" data-type=\"URL\" data-id=\"http:\/\/christelle-rosset.com\/index.php\/reiki-play-day\/\">Reiki Play Day<\/a><\/strong> plusieurs fois par an pour vous offrir des temps d&rsquo;approfondissement et de partages encore plus intensifs. Vous en ressortez plus motiv\u00e9.e.s que jamais pour pratiquer dans votre quotidien et entretenir les effets b\u00e9n\u00e9fiques de ces journ\u00e9es r\u00e9-\u00e9nergisantes et enthousiasmantes.<\/p>\n\n\n\n<p class=\"has-background\" style=\"background-color:#87d77e\"><strong>Modalit\u00e9s<\/strong> <strong>pour la formation au <em>Reiki Shinpiden<\/em> (3\u00e8me degr\u00e9)<\/strong><\/p>\n\n\n\n<ul class=\"wp-block-list\">\n<li>Pr\u00e9-requis: Avoir fait <em>Shoden<\/em> et <em>Okuden<\/em>. Avoir assist\u00e9 \u00e0 des Partages <em>Reiki.<\/em><\/li>\n\n\n\n<li><strong>Trois jours<\/strong> (10h-18h) dans le 18<sup>e<\/sup> \u00e0 Paris.<\/li>\n\n\n\n<li><strong>Elle se fait obligatoirement en pr\u00e9sentiel\u00a0!<\/strong><\/li>\n\n\n\n<li>Un livret de formation vous sera remis ainsi que l&rsquo;acc\u00e8s aux livrets en format PDF quand vous vous sentirez pr\u00eat.e.s \u00e0 enseigner \u00e0 votre tour.<\/li>\n\n\n\n<li>Vous recevrez un certificat \u00e0 l\u2019issue du module.<\/li>\n\n\n\n<li>Nombre de participant.e.s\u00a0: <strong>entre 3 et 8<\/strong> maximum.<\/li>\n\n\n\n<li>Prix\u00a0: 750 euros.<\/li>\n<\/ul>\n\n\n\n<p class=\"has-background\" style=\"background-color:#87d77e\"><strong>C&rsquo;est vous qui en parlez le mieux!<\/strong><\/p>\n\n\n\n<p class=\"has-background\" style=\"background-color:#b3f5e3\">Un grand grand merci Christelle pour cette incroyable formation Shinpiden, derni\u00e8re \u00e9tape et en m\u00eame temps le d\u00e9but du chemin.J&rsquo;ai eu la joie de faire d&rsquo;abord le Shoden avec toi, puis Okuden et enfin Shinpiden.<br>Je suis port\u00e9e par les \u00e9nergies du Shinpiden, il y a bien un avant et un apr\u00e8s. Merveilleux 3 jours d&rsquo;enseignements simples et en m\u00eame temps si profonds.Des moments&nbsp; forts d&rsquo;apprentissages, des moments de pure pr\u00e9sence juste magnifiques o\u00f9 les \u00e9motions \u00e9taient palpables, des moments d&rsquo;interconnexion avec notre enseignante, avec le groupe, des rires, des pleurs, de l&rsquo;Amour tout simplement.Christelle enseigne avec passion ce qui la porte elle-aussi, toujours \u00e0 notre \u00e9coute et sa douceur et sa bienveillance nous ont accompagn\u00e9s durant ces 3 beaux jours d&rsquo;apprentissages.Cet enseignement du Shinpiden nous rapproche toujours un peu plus de notre pure essence. Christelle, \u00e0 travers ses mots, son exp\u00e9rience, ses connaissances, sa joie de transmettre,&nbsp; est l\u00e0 pour nous rappeler et nous faire prendre conscience que nous avons toujours \u00e9t\u00e9 cette grande lumi\u00e8re int\u00e9rieure.&nbsp;Christelle continue \u00e0 nous guider et \u00e0 nous accompagner sans rel\u00e2che, avec coeur et simplicit\u00e9. Shinpiden continue \u00e0 vivre en moi<br>Profonde Gratitude Christelle\u00a0\u00bb Catherine<\/p>\n\n\n\n<p class=\"has-black-color has-text-color has-background\" style=\"background-color:#45e696\">Merci beaucoup Christelle&nbsp;pour m&rsquo;avoir guid\u00e9e lors de ma formation&nbsp;du Reiki Usui Ryoho qui a d\u00e9but\u00e9 par Shoden, puis ensuite Okuden et enfin plus r\u00e9cemment, j&rsquo;ai termin\u00e9 le dernier degr\u00e9 qui est Shinpiden.&nbsp;<br>Depuis que j&rsquo;ai commenc\u00e9 ma formation, je suis devenue plus Zen et plus pos\u00e9e, mes coll\u00e8gues voient la diff\u00e9rence.<br>Le reiki m&rsquo;a beaucoup apport\u00e9, une meilleure \u00e9coute de mon corps et des autres \u00e9galement.&nbsp;<br>Merci pour tes enseignements tr\u00e8s riches, merci pour ton \u00e9coute et ta bienveillance. Je suis quelqu&rsquo;un qui manque de confiance et je me suis sentie apais\u00e9e avec toi. Tu as su me guider avec beaucoup de gentillesse lors de l&rsquo;apprentissage des Reiju, toujours avec le sourire et une grande douceur. Tes enseignements \u00e9taient limpides et profonds<br>Shinpiden a \u00e9t\u00e9 un apprentissage magnifique, j&rsquo;en garde un tr\u00e8s fort souvenir et je t&rsquo;en suis tr\u00e8s reconnaissante. Patricia<\/p>\n","protected":false},"excerpt":{"rendered":"<p>L&rsquo;initiation \u00e0 Shinpiden, qui signifie \u00ab\u00a0enseignement des myst\u00e8res\u00a0\u00bb, est l&rsquo;opportunit\u00e9 pour les praticien.ne.s et les enseignant.e.s d&rsquo;aller plus loin encore dans la (re)d\u00e9couverte de leur nature v\u00e9ritable qui est d\u00e9j\u00e0 Reiki, \u00ab\u00a0grande lumi\u00e8re brillante\u00a0\u00bb. Contrairement aux id\u00e9es re\u00e7ues, il n&rsquo;est pas seulement destin\u00e9 \u00e0 celles et ceux qui ont envie de transmettre \u00e0 leur tour [&hellip;]<\/p>\n","protected":false},"author":1,"featured_media":0,"parent":0,"menu_order":0,"comment_status":"closed","ping_status":"closed","template":"","meta":{"footnotes":""},"class_list":["post-816","page","type-page","status-publish","hentry"],"_links":{"self":[{"href":"https:\/\/christelle-rosset.com\/index.php\/wp-json\/wp\/v2\/pages\/816","targetHints":{"allow":["GET"]}}],"collection":[{"href":"https:\/\/christelle-rosset.com\/index.php\/wp-json\/wp\/v2\/pages"}],"about":[{"href":"https:\/\/christelle-rosset.com\/index.php\/wp-json\/wp\/v2\/types\/page"}],"author":[{"embeddable":true,"href":"https:\/\/christelle-rosset.com\/index.php\/wp-json\/wp\/v2\/users\/1"}],"replies":[{"embeddable":true,"href":"https:\/\/christelle-rosset.com\/index.php\/wp-json\/wp\/v2\/comments?post=816"}],"version-history":[{"count":8,"href":"https:\/\/christelle-rosset.com\/index.php\/wp-json\/wp\/v2\/pages\/816\/revisions"}],"predecessor-version":[{"id":878,"href":"https:\/\/christelle-rosset.com\/index.php\/wp-json\/wp\/v2\/pages\/816\/revisions\/878"}],"wp:attachment":[{"href":"https:\/\/christelle-rosset.com\/index.php\/wp-json\/wp\/v2\/media?parent=816"}],"curies":[{"name":"wp","href":"https:\/\/api.w.org\/{rel}","templated":true}]}}