{"id":771,"date":"2023-02-20T17:18:21","date_gmt":"2023-02-20T16:18:21","guid":{"rendered":"http:\/\/christelle-rosset.com\/?page_id=771"},"modified":"2024-08-23T10:11:21","modified_gmt":"2024-08-23T08:11:21","slug":"on-me-prend-mon-energie-vraiment","status":"publish","type":"page","link":"https:\/\/christelle-rosset.com\/index.php\/on-me-prend-mon-energie-vraiment\/","title":{"rendered":"On me \u00ab\u00a0prend\u00a0\u00bb mon \u00e9nergie? Vraiment?"},"content":{"rendered":"\n<p><strong>Est-ce que nous risquons de \u00ab&nbsp;perdre&nbsp;\u00bb notre \u00e9nergie en \u00ab&nbsp;donnant&nbsp;\u00bb un soin \u00e9nerg\u00e9tique&nbsp;?<\/strong><\/p>\n\n\n\n<p><strong>Et plus largement, est-il vrai que les autres peuvent nous \u00ab&nbsp;prendre&nbsp;\u00bb notre \u00e9nergie&nbsp;?<\/strong><\/p>\n\n\n\n<p>Ces questions me sont souvent pos\u00e9es, par les praticien.ne.s, par les consultant.e.s mais cette interrogation va bien au-del\u00e0 des soins \u00e9nerg\u00e9tiques.<\/p>\n\n\n\n<p>J\u2019entends tr\u00e8s r\u00e9guli\u00e8rement&nbsp;:<\/p>\n\n\n\n<ul class=\"wp-block-list\"><li>\u00ab&nbsp;ce travail me prend de l\u2019\u00e9nergie&nbsp;\u00bb<\/li><li>\u00ab&nbsp;cette personne me prend de l\u2019\u00e9nergie&nbsp;\u00bb<\/li><li>\u00ab&nbsp;mes enfants\/ce lieu\/mon partenaire me prend\/prennent de l\u2019\u00e9nergie&nbsp;\u00bb<\/li><\/ul>\n\n\n\n<p>Quand on se dit cela, on imagine que le \u00ab&nbsp;probl\u00e8me&nbsp;\u00bb vient de l\u2019ext\u00e9rieur, de l\u2019autre.<\/p>\n\n\n\n<p>Nous faisons cette erreur car nous n\u2019avons pas appris \u00e0 \u00eatre conscient.e de ce qui se joue \u00e9nerg\u00e9tiquement dans une relation et que nous ne savons pas entretenir notre \u00e9nergie vitale.<\/p>\n\n\n\n<p>La r\u00e9alit\u00e9 c\u2019est que personne ne peut v\u00e9ritablement \u00ab&nbsp;prendre&nbsp;\u00bb notre \u00e9nergie si nous n\u2019avons pas donn\u00e9 notre accord, m\u00eame inconsciemment.<\/p>\n\n\n\n<p>Pour mieux comprendre ce ph\u00e9nom\u00e8ne, le syst\u00e8me du Reiki nous propose des pratiques visant \u00e0&nbsp;:<\/p>\n\n\n\n<p>&#8211; \u00eatre plus conscient.e de ce qui nous \u00ab&nbsp;prend&nbsp;\u00bb vraiment de l\u2019\u00e9nergie,<\/p>\n\n\n\n<p>&#8211; prendre soin de notre \u00e9nergie vitale pour pouvoir cultiver un plus grand bien \u00eatre donc \u00eatre plus en harmonie avec nos proches (donc \u00eatre en meilleure sant\u00e9, pour aller vite).<\/p>\n\n\n\n<p>C\u2019est pour cela que le <strong>Reiki ne s\u2019adresse pas seulement aux th\u00e9rapeutes mais \u00e0 toute personne qui recherche plus de paix, de vitalit\u00e9 et d\u2019harmonie dans sa vie<\/strong>.<\/p>\n\n\n\n<p>Pour revenir aux enseignements de Mikao Usui&nbsp;: les soins \u00e9nerg\u00e9tiques ne visent pas \u00e0 \u00ab&nbsp;donner&nbsp;\u00bb de l\u2019\u00e9nergie \u00e0 qui que ce soit. <strong>Pourquoi donner \u00e0 l\u2019autre ce qu\u2019il a d\u00e9j\u00e0 en lui, \u00e0 profusion et de mani\u00e8re illimit\u00e9e<\/strong> (si, si)&nbsp;?<\/p>\n\n\n\n<p>L\u2019\u00e9nergie ne se cr\u00e9e pas, ne se d\u00e9truit pas mais on peut la mobiliser, la (re)mettre en mouvement&nbsp;: c\u2019est sur ces principes que se fondent les soins \u00e9nerg\u00e9tiques (pas seulement le Reiki).<\/p>\n\n\n\n<p>Nous sommes tou.te.s fait.e.s d\u2019\u00c9nergie donc de Reiki. Nous n\u2019avons pas besoin que quelqu\u2019un \u00ab&nbsp;canalise&nbsp;\u00bb une \u00e9nergie ext\u00e9rieure pour nous r\u00e9-\u00e9nergiser et encore moins pour pr\u00e9tendre nous soigner voire nous gu\u00e9rir. Le r\u00f4le du\/de la praticien.ne, c\u2019est de nous aider \u00e0 enlever les cailloux\/rochers\/montagnes qui obstruent, ralentissent, affaiblissent le flux de notre \u00e9nergie vitale.<\/p>\n\n\n\n<ul class=\"wp-block-list\"><li>Quand nous ressassons avec col\u00e8re et amertume le pass\u00e9, nous perdons de l\u2019\u00e9nergie,<\/li><li>Quand nous anticipons sans cesse l\u2019avenir en nous faisant du souci, nous perdons de l\u2019\u00e9nergie,<\/li><li>Quand nous ne sommes pas pleinement authentique par besoin de plaire aux autres, d\u2019\u00eatre aim\u00e9.e ou par peur de blesser, nous perdons de l\u2019\u00e9nergie,<\/li><\/ul>\n\n\n\n<p>Ainsi nous construisons, souvent inconsciemment, des obstacles (parfois de sacr\u00e9s barrages) qui rendent le flux de notre rivi\u00e8re int\u00e9rieure de plus en plus t\u00e9nue et cela se manifeste, au bout d\u2019un moment, par des sympt\u00f4mes physiques ou \u00e9motionnels.<\/p>\n\n\n\n<p>Quelles que soient les couches qui voilent notre feu int\u00e9rieur (apr\u00e8s la m\u00e9taphore de l\u2019eau, v\u2019la celle du feu, tiens-toi aux branches et suis le courant), il est toujours pr\u00e9sent, rien ne peut l\u2019alt\u00e9rer, m\u00eame quand nous avons l\u2019impression qu\u2019il est \u00e9teint et que nous nous sentons si vuln\u00e9rables, si impuissant.e.s.<\/p>\n\n\n\n<p>Dans ces cas-l\u00e0, voici ce que j\u2019observe, et qui provient de la m\u00eame croyance erron\u00e9e \u00e9nonc\u00e9e plus haut&nbsp;: comme on croit que les autres peuvent nous \u00ab&nbsp;prendre\u00bb notre \u00e9nergie, on croit que les autres peuvent nous \u00ab&nbsp;donner&nbsp;\u00bb de l\u2019\u00e9nergie, ainsi&nbsp;:<\/p>\n\n\n\n<ul class=\"wp-block-list\"><li>Soit on va voir un.e praticien.ne qui pr\u00e9tend pouvoir nous (re)donner cette \u00e9nergie et on s\u2019en remet \u00e0 lui\/elle en lui donnant notre pouvoir\u2026 ( bof, bof\u2026)<\/li><li>Soit on en \u00ab&nbsp;prend&nbsp;\u00bb \u00e0 notre entourage\u2026 on se plaint, on demande de l\u2019attention, on se lance dans des argumentations sans fin pour avoir raison et \u00ab&nbsp;r\u00e9cup\u00e9rer&nbsp;\u00bb ainsi de l\u2019\u00e9nergie \u2026 (bof bof et re bof bof\u2026)<\/li><\/ul>\n\n\n\n<p>Le syst\u00e8me du Reiki permet de mieux comprendre ces ph\u00e9nom\u00e8nes et d\u2019en tenir compte pour entretenir et cultiver une \u00e9nergie vitale \u00e9lev\u00e9e qui permet d\u2019\u00eatre une ressource pour les autres&nbsp;: &nbsp;non une source dans laquelle l\u2019autre va puiser, mais une ressource pour lui transmettre comment puiser \u00e0 sa propre source (vous suivez&nbsp;?).<\/p>\n\n\n\n<p>Plus le.a praticien.ne pratique&nbsp;pour lui\/elle-m\u00eame:<\/p>\n\n\n\n<p>&#8211; les pr\u00e9ceptes (conscientisation de ce qui lui \u00ab&nbsp;prend&nbsp;\u00bb de l\u2019\u00e9nergie, hygi\u00e8ne des pens\u00e9es, des \u00e9motions, des relations, etc.)<\/p>\n\n\n\n<p>&#8211; les m\u00e9ditations, mantras et symboles (concentration de l\u2019attention &#8211; donc de l\u2019\u00e9nergie &#8211; dans le pr\u00e9sent)<\/p>\n\n\n\n<p>&#8211; les auto-soins (iel s\u2019occupe de ses propres dossiers&nbsp;: de tous les cailloux, branches et autres \u00e9l\u00e9ments qui pourraient obstruer son propre flux \u00e9nerg\u00e9tique)<\/p>\n\n\n\n<p>\u2026 plus son feu int\u00e9rieur sera ancr\u00e9, align\u00e9 et puissant.<\/p>\n\n\n\n<p>D<strong>ans cet \u00e9tat de pr\u00e9sence<\/strong> et de vitalit\u00e9 optimale (qui demande un peu de pratique et de r\u00e9gularit\u00e9, on ne va pas se mentir), <strong>iel peut pratiquer des soins en toute confiance<\/strong>&nbsp;: l\u2019\u00e9nergie est l\u00e0 \u00e0 profusion et dissout facilement tout ce qui fait obstacle au d\u00e9ploiement du feu de son.sa consultant.e.<\/p>\n\n\n\n<p>Le.a praticien.ne n\u2019enl\u00e8ve pas les cailloux et les branches \u00e0 la place de sa.on consultant.e, iel lui permet de retrouver l\u2019\u00e9nergie et donc l\u2019\u00e9lan et l\u2019enthousiasme de le faire \u00e0 nouveau lui\/elle-m\u00eame.<\/p>\n\n\n\n<p>Le syst\u00e8me du Reiki est <strong>une pratique qui vise \u00e0 s\u2019empuissancer et \u00e0 aider les autres \u00e0 faire de m\u00eame<\/strong>. Elle ne <strong>d\u00e9responsabilise pas l\u2019autre ni ne lui prend son pouvoir<\/strong>. Elle accompagne, soutient et donne des outils, elle ne fait pas \u00e0 la place.<\/p>\n\n\n\n<p>Ce qui est le propre de toute pratique th\u00e9rapeutique digne de ce nom.<\/p>\n\n\n\n<p>Ce qui devrait\/pourrait valoir pour toute relation humaine\u2026<\/p>\n\n\n\n<p>Je suis responsable de mon \u00e9nergie vitale et j\u2019en suis souveraine.<\/p>\n\n\n\n<p>L\u2019autre aussi.<\/p>\n","protected":false},"excerpt":{"rendered":"<p>Est-ce que nous risquons de \u00ab&nbsp;perdre&nbsp;\u00bb notre \u00e9nergie en \u00ab&nbsp;donnant&nbsp;\u00bb un soin \u00e9nerg\u00e9tique&nbsp;? Et plus largement, est-il vrai que les autres peuvent nous \u00ab&nbsp;prendre&nbsp;\u00bb notre \u00e9nergie&nbsp;? Ces questions me sont souvent pos\u00e9es, par les praticien.ne.s, par les consultant.e.s mais cette interrogation va bien au-del\u00e0 des soins \u00e9nerg\u00e9tiques. J\u2019entends tr\u00e8s r\u00e9guli\u00e8rement&nbsp;: \u00ab&nbsp;ce travail me prend de [&hellip;]<\/p>\n","protected":false},"author":1,"featured_media":773,"parent":0,"menu_order":0,"comment_status":"closed","ping_status":"closed","template":"","meta":{"footnotes":""},"class_list":["post-771","page","type-page","status-publish","has-post-thumbnail","hentry"],"_links":{"self":[{"href":"https:\/\/christelle-rosset.com\/index.php\/wp-json\/wp\/v2\/pages\/771","targetHints":{"allow":["GET"]}}],"collection":[{"href":"https:\/\/christelle-rosset.com\/index.php\/wp-json\/wp\/v2\/pages"}],"about":[{"href":"https:\/\/christelle-rosset.com\/index.php\/wp-json\/wp\/v2\/types\/page"}],"author":[{"embeddable":true,"href":"https:\/\/christelle-rosset.com\/index.php\/wp-json\/wp\/v2\/users\/1"}],"replies":[{"embeddable":true,"href":"https:\/\/christelle-rosset.com\/index.php\/wp-json\/wp\/v2\/comments?post=771"}],"version-history":[{"count":3,"href":"https:\/\/christelle-rosset.com\/index.php\/wp-json\/wp\/v2\/pages\/771\/revisions"}],"predecessor-version":[{"id":848,"href":"https:\/\/christelle-rosset.com\/index.php\/wp-json\/wp\/v2\/pages\/771\/revisions\/848"}],"wp:featuredmedia":[{"embeddable":true,"href":"https:\/\/christelle-rosset.com\/index.php\/wp-json\/wp\/v2\/media\/773"}],"wp:attachment":[{"href":"https:\/\/christelle-rosset.com\/index.php\/wp-json\/wp\/v2\/media?parent=771"}],"curies":[{"name":"wp","href":"https:\/\/api.w.org\/{rel}","templated":true}]}}