{"id":691,"date":"2021-11-25T13:43:24","date_gmt":"2021-11-25T12:43:24","guid":{"rendered":"http:\/\/christelle-rosset.com\/?page_id=691"},"modified":"2026-03-23T15:29:12","modified_gmt":"2026-03-23T14:29:12","slug":"initiation-shoden-dans-la-lignee-usui-reiki-ryoho","status":"publish","type":"page","link":"https:\/\/christelle-rosset.com\/index.php\/initiation-shoden-dans-la-lignee-usui-reiki-ryoho\/","title":{"rendered":"Initiation Shoden (1er degr\u00e9) dans la lign\u00e9e Usui Reiki Ryoho"},"content":{"rendered":"\n<p class=\"has-background\" style=\"background-color:#87d77e\"><strong>Objectifs<\/strong><\/p>\n\n\n\n<ul class=\"wp-block-list\">\n<li>\u00catre plus en paix avec ce qui est, <\/li>\n\n\n\n<li>Etre moins en col\u00e8re, se faire moins de souci pour \u00eatre plus en \u00e9nergie,<\/li>\n\n\n\n<li>Cultiver l&rsquo;humilit\u00e9, la Gratitude, l&rsquo;Authenticit\u00e9 et la Compassion,<\/li>\n\n\n\n<li>Apprendre \u00e0 m\u00e9diter avec des pratiques concr\u00e8tes et facilement applicables au quotidien,<\/li>\n\n\n\n<li>Revenir et rester dans l\u2019instant pr\u00e9sent,<\/li>\n\n\n\n<li>Apprendre \u00e0 s&rsquo;ancrer et se centrer sur soi-m\u00eame tout en \u00e9tant connect\u00e9.e aux autres,<\/li>\n\n\n\n<li>(Re)d\u00e9couvrir sa vraie nature et ses ressources profondes,<\/li>\n\n\n\n<li>Apprendre \u00e0 vivre ses \u00e9motions avec compassion,<\/li>\n<\/ul>\n\n\n\n<p class=\"has-background\" style=\"background-color:#87d77e\"><strong>Pour celles et ceux<\/strong>&nbsp;<\/p>\n\n\n\n<ul class=\"wp-block-list\">\n<li>Qui se sentent sans \u00e9nergie ou qui ont l&rsquo;impression de se disperser facilement,<\/li>\n\n\n\n<li>Qui recherchent une voie simple et concr\u00e8te pour mieux vivre ce qu\u2019iels ont \u00e0 vivre,<\/li>\n\n\n\n<li>Qui recherche une plus grande stabilit\u00e9 \u00e9motionnelle,<\/li>\n\n\n\n<li>Qui cherchent \u00e0 donner du sens \u00e0 ce qu\u2019iels vivent,<\/li>\n\n\n\n<li>Qui sont dans une p\u00e9riode de questionnement et qui ont besoin de se (re)connecter \u00e0 leur sagesse int\u00e9rieure,<\/li>\n\n\n\n<li>Qui cherchent \u00e0 \u00eatre plus en paix et plus en sant\u00e9 tant au niveau physique et qu&rsquo;\u00e9motionnel,<\/li>\n\n\n\n<li>Qui veulent apprendre \u00e0 se faire des soins et \u00e0 en faire \u00e0 leurs proches.<\/li>\n<\/ul>\n\n\n\n<p class=\"has-background\" style=\"background-color:#87d77e\"><strong>D\u00e9roul\u00e9 du stage<\/strong>&nbsp;<\/p>\n\n\n\n<p><strong>Juste ce qu&rsquo;il faut de th\u00e9orie<\/strong>&#8230;<\/p>\n\n\n\n<ul class=\"wp-block-list\">\n<li>Histoire et origine du <em>Reiki<\/em>,<\/li>\n\n\n\n<li>Qui est Mikao Usui&nbsp;?<\/li>\n\n\n\n<li>Les diff\u00e9rentes lign\u00e9es (japonaises et occidentales),<\/li>\n\n\n\n<li>La philosophie du <em>Reiki <\/em>selon <em>Usui Reiki Ryoho<\/em>.<\/li>\n<\/ul>\n\n\n\n<p><strong>&#8230; et surtout et avant tout de la pratique<\/strong>.<\/p>\n\n\n\n<p>Les enseignements th\u00e9oriques sont tr\u00e8s pr\u00e9cieux mais vous pouvez les trouver dans de nombreux livres. Ma proposition est vraiment de faire l\u2019exp\u00e9rience de ce syst\u00e8me \u00e0 travers des <strong>pratiques concr\u00e8tes<\/strong>&nbsp;:<\/p>\n\n\n\n<ul class=\"wp-block-list\">\n<li>Les <strong>pr\u00e9ceptes<\/strong>&nbsp;: la base du syst\u00e8me <em>Reiki<\/em> selon la voie japonaise qui nous rappelle qui nous sommes vraiment.<\/li>\n\n\n\n<li>Les <strong>m\u00e9ditations traditionnelles<\/strong> (visualisation, techniques de respiration, mise en mouvement du corps, etc.)<\/li>\n\n\n\n<li>Protocoles d\u2019<strong>auto-traitement<\/strong>.<\/li>\n\n\n\n<li>Protocoles de <strong>soins aux autres <\/strong>dans un cadre familial.<\/li>\n\n\n\n<li>Vous recevrez \u00e0 la fin de chaque demi-journ\u00e9e une <strong>initiation<\/strong>\/soin qu\u2019on appelle <strong><em>Reiju<\/em><\/strong>. Cela vous permettra une purification de vos canaux (ou veines) \u00e9nerg\u00e9tiques qui vous aidera \u00e0 mieux sentir l\u2019\u00e9nergie et \u00e0 augmenter votre taux vibratoire. \u00c0 la fin de la formation vous en aurez re\u00e7us 4. <\/li>\n<\/ul>\n\n\n\n<p class=\"has-background\" style=\"background-color:#87d77e\"><strong>Modalit\u00e9s<\/strong> <strong>pour la formation au <em>Reiki Shoden<\/em> (1er degr\u00e9)<\/strong><\/p>\n\n\n\n<ul class=\"wp-block-list\">\n<li><strong>Deux jours<\/strong> cons\u00e9cutifs ou non (10h-17h30) dans le 18<sup>e<\/sup> \u00e0 Paris. <\/li>\n\n\n\n<li><strong>Elle se fait obligatoirement en pr\u00e9sentiel&nbsp;!<\/strong><\/li>\n\n\n\n<li>Un livret de formation vous sera remis.<\/li>\n\n\n\n<li>Vous recevrez un certificat \u00e0 l\u2019issue du module.<\/li>\n\n\n\n<li>Nombre de participant.e.s&nbsp;: <strong>entre 3 et 8<\/strong> personnes.<\/li>\n\n\n\n<li>Prix&nbsp;: 280 euros.<\/li>\n\n\n\n<li>Prix pour refaire la session (pour celles et ceux qui l&rsquo;ont d\u00e9j\u00e0 fait avec moi) : 140 euros.<\/li>\n\n\n\n<li><\/li>\n<\/ul>\n\n\n\n<p class=\"has-background\" style=\"background-color:#f369de\">Prochaine session de SHODEN <strong>les samedi 6 et dimanche 7 juin de 10h \u00e0 17h-17h30.<\/strong><\/p>\n\n\n\n<p>Je peux \u00e9galement cr\u00e9er des sessions sur mesure en fonction de vos besoins\/envies.<\/p>\n\n\n\n<p>Si vous avez d\u00e9j\u00e0 un groupe constitu\u00e9, je peux \u00e9galement me d\u00e9placer.<\/p>\n\n\n\n<p>N\u2019h\u00e9sitez pas \u00e0 me contacter \u00e0 christelle.rosset.accompagnement@gmail.com<\/p>\n\n\n\n<p class=\"has-background\" style=\"background-color:#87d77e\"><strong>Apr\u00e8s la formation<\/strong>&#8230;<\/p>\n\n\n\n<p>L\u2019initiation \u00e0<strong> <em>Shoden<\/em> <\/strong>vous aide \u00e0 ouvrir une nouvelle porte, mais c\u2019est votre pratique r\u00e9guli\u00e8re qui va permettre que des changements profonds s\u2019installent dans votre vie.<\/p>\n\n\n\n<p>C\u2019est pourquoi, je continue de vous accompagner apr\u00e8s la formation.Pour cela, je vous propose une fois par mois des <strong>Partages Reiki<\/strong> (tous niveaux, toute lign\u00e9e) en distanciel (1h10) sur Skype et en pr\u00e9sentiel (2h30) \u00e0 Paris (18e).<\/p>\n\n\n\n<p>Je vous propose \u00e9galement des <strong><a href=\"http:\/\/christelle-rosset.com\/index.php\/reiki-play-day\/\" data-type=\"URL\" data-id=\"http:\/\/christelle-rosset.com\/index.php\/reiki-play-day\/\">Reiki Play Day<\/a><\/strong> (inspir\u00e9 des nombreuses retraites faites avec mon Ma\u00eetre enseignant, Frans Stiene) plusieurs fois par an pour vous offrir des temps d&rsquo;approfondissement et de partages encore plus intensifs. De cette journ\u00e9e enti\u00e8re de pratiques vari\u00e9es aussi douces et puissantes, vous ressortez plus motiv\u00e9.e.s que jamais pour pratiquer dans votre quotidien et entretenir les effets b\u00e9n\u00e9fiques de ces journ\u00e9es r\u00e9-\u00e9nergisantes et enthousiasmantes.<\/p>\n\n\n\n<p class=\"has-background\" style=\"background-color:#87d77e\"><strong>Parce que c&rsquo;est vous qui en parlez le mieux&#8230;<\/strong><\/p>\n\n\n\n<p><\/p>\n\n\n\n<p class=\"has-black-color has-text-color has-background\" style=\"background-color:#baf6cc\">   <em>Pour moi il y a eu clairement <strong>un avant et un apr\u00e8s dans ma vie gr\u00e2ce au Reiki.<\/strong><br>   Je ne savais pas trop si c\u2019\u00e9tait pour moi ou si j\u2019\u00e9tais \u00ab&nbsp;pr\u00eate&nbsp;\u00bb pour d\u00e9couvrir et pratiquer le Reiki, j\u2019\u00e9tais intimid\u00e9e, mais j\u2019ai pu me rendre compte que cette philosophie et ses pratiques reviennent \u00e0 suivre l\u2019essentiel de ce qui est important dans la vie.<br>   Je pratique tr\u00e8s r\u00e9guli\u00e8rement depuis le stage, et je sens bien <strong>une transformation dans mes fa\u00e7ons d\u2019aborder les vents et les mar\u00e9es du moment<\/strong>. J\u2019ai renforc\u00e9 ma capacit\u00e9 \u00e0 <strong>l\u00e2cher prise<\/strong> et \u00e0 accepter ce sur quoi je n\u2019ai pas de contr\u00f4le pour mieux vivre ma vie, plus sereinement.<br>   C\u2019est d\u00e9j\u00e0 quelque chose que je travaillais avec Christelle en soins individuels et avec la m\u00e9ditation, mais le stage et la pratique ont renforc\u00e9 mon <strong>autonomie<\/strong>. Le fait de pouvoir se faire des soins \u00e0 soi-m\u00eame est simplement g\u00e9nial,<strong> je suis bluff\u00e9e du pouvoir qu\u2019on a en r\u00e9alit\u00e9.<\/strong><br>   J\u2019avais rencontr\u00e9 des personnes formidables aux m\u00e9ditations et j\u2019ai fait le stage avec deux d\u2019entre elles, et nos <strong>moments d\u2019\u00e9changes<\/strong> sont tr\u00e8s pr\u00e9cieux. (S.)<\/em><\/p>\n\n\n\n<p class=\"has-black-color has-text-color has-background\" style=\"background-color:#cbf6ec\">  <em> Le niveau 1 m&rsquo;a donn\u00e9 une <strong>nouvelle habitude de pens\u00e9e<\/strong>, plus dirig\u00e9e vers ce que j&rsquo;avais et non ce je n&rsquo;avais pas. Il m&rsquo;a donn\u00e9 les <strong>cl\u00e9s pour \u00e9voluer <\/strong>en allant vers plus d&rsquo;amour. J&rsquo;ai appris \u00e0 reconna\u00eetre et <strong>accueillir mes \u00e9motions avec s\u00e9r\u00e9nit\u00e9<\/strong>. Il m&rsquo;a permis de <strong>prendre ma place<\/strong> en apprenant \u00e0&nbsp; <strong>respecter celle des autres<\/strong> et de gu\u00e9rir beaucoup de mes blessures, ce qui me donne plus de <strong>l\u00e9g\u00e8ret\u00e9<\/strong> et de <strong>joie<\/strong> au quotidien. Par ailleurs, j&rsquo;ai pu constater l&rsquo;effet positif qu&rsquo;avait mon nouvel \u00e9tat d&rsquo;\u00eatre sur mon entourage.<\/em><\/p>\n\n\n\n<p class=\"has-background\" style=\"background-color:#baf6cc\">Un grand grand merci pour ces deux jours incroyables de SHODEN.<br>Je suis heureuse d&rsquo;avoir v\u00e9cu ces moments de partages, d&rsquo;apprentissages et ces deux jours me confortent dans mon choix de suivre la voie du Reiki Usui Ryoho.<br>Merci pour ta bienveillance et ta gentillesse, ton \u00e9coute, nous sommes rentr\u00e9es dans un espace de non-jugement, d&rsquo;amour inconditionnel et de compassion. Je l&rsquo;ai profond\u00e9ment ressenti et je ressors encore davantage grandie dans ma pratique.<br>Merci pour tes enseignements pertinents, toujours justes et passionnants.<br>Je suis remplie de gratitude.<br>Enfin, merci pour ce petit buffet improvis\u00e9 color\u00e9 et d\u00e9licieux pour nos papilles.<br>A tr\u00e8s vite pour de nouveaux partages et rencontres et bien h\u00e2te de continuer avec toi ce merveilleux apprentissage vers ma Lumi\u00e8re int\u00e9rieure. (Catherine)<\/p>\n\n\n\n<p class=\"has-background\" style=\"background-color:#cbf6ec\">Encore merci pour ces belles journ\u00e9es pass\u00e9es ensembles. J&rsquo;ai d\u00e9couvert avec bonheur le reiki Usui Ryoho et la simplicit\u00e9 de ses enseignements. Je me suis r\u00e9v\u00e9l\u00e9e \u00e0 travers ces 2 jours incroyables gr\u00e2ce \u00e0 toi. Merci encore, je me sens parfaitement bien ce soir en accord avec moi m\u00eame. Le chemin ne fait que commencer\u2026 (Patricia)<\/p>\n","protected":false},"excerpt":{"rendered":"<p>Objectifs Pour celles et ceux&nbsp; D\u00e9roul\u00e9 du stage&nbsp; Juste ce qu&rsquo;il faut de th\u00e9orie&#8230; &#8230; et surtout et avant tout de la pratique. Les enseignements th\u00e9oriques sont tr\u00e8s pr\u00e9cieux mais vous pouvez les trouver dans de nombreux livres. Ma proposition est vraiment de faire l\u2019exp\u00e9rience de ce syst\u00e8me \u00e0 travers des pratiques concr\u00e8tes&nbsp;: Modalit\u00e9s pour [&hellip;]<\/p>\n","protected":false},"author":1,"featured_media":0,"parent":0,"menu_order":0,"comment_status":"closed","ping_status":"closed","template":"","meta":{"footnotes":""},"class_list":["post-691","page","type-page","status-publish","hentry"],"_links":{"self":[{"href":"https:\/\/christelle-rosset.com\/index.php\/wp-json\/wp\/v2\/pages\/691","targetHints":{"allow":["GET"]}}],"collection":[{"href":"https:\/\/christelle-rosset.com\/index.php\/wp-json\/wp\/v2\/pages"}],"about":[{"href":"https:\/\/christelle-rosset.com\/index.php\/wp-json\/wp\/v2\/types\/page"}],"author":[{"embeddable":true,"href":"https:\/\/christelle-rosset.com\/index.php\/wp-json\/wp\/v2\/users\/1"}],"replies":[{"embeddable":true,"href":"https:\/\/christelle-rosset.com\/index.php\/wp-json\/wp\/v2\/comments?post=691"}],"version-history":[{"count":33,"href":"https:\/\/christelle-rosset.com\/index.php\/wp-json\/wp\/v2\/pages\/691\/revisions"}],"predecessor-version":[{"id":938,"href":"https:\/\/christelle-rosset.com\/index.php\/wp-json\/wp\/v2\/pages\/691\/revisions\/938"}],"wp:attachment":[{"href":"https:\/\/christelle-rosset.com\/index.php\/wp-json\/wp\/v2\/media?parent=691"}],"curies":[{"name":"wp","href":"https:\/\/api.w.org\/{rel}","templated":true}]}}