{"id":672,"date":"2021-11-05T12:42:11","date_gmt":"2021-11-05T11:42:11","guid":{"rendered":"http:\/\/christelle-rosset.com\/?page_id=672"},"modified":"2024-09-05T14:05:20","modified_gmt":"2024-09-05T12:05:20","slug":"quest-ce-que-lenergie-quest-ce-que-le-reiki","status":"publish","type":"page","link":"https:\/\/christelle-rosset.com\/index.php\/quest-ce-que-lenergie-quest-ce-que-le-reiki\/","title":{"rendered":"Qu\u2019est-ce que l\u2019\u00e9nergie ? Qu\u2019est-ce que le Reiki?"},"content":{"rendered":"\n<p>C\u2019est une question qu\u2019on me pose souvent, qu\u2019on m\u2019a pos\u00e9 encore hier.<\/p>\n\n\n\n<p>On pourrait th\u00e9oriser longtemps sur le sujet et essayer d\u2019expliquer ce qu\u2019est l\u2019\u00e9nergie. Certaines sciences s\u2019y emploient, la physique quantique notamment, et apportent leurs r\u00e9ponses parfois aussi vastes que leurs questionnements, c\u2019est un domaine en cours d\u2019exploration&#8230; et c\u2019est passionnant.<\/p>\n\n\n\n<p>Longtemps moi aussi, j\u2019ai cherch\u00e9 \u00e0 comprendre, \u00ab&nbsp;\u00e0 saisir avec l\u2019esprit&nbsp;\u00bb et je cherche encore, forc\u00e9ment.<\/p>\n\n\n\n<p>Le syst\u00e8me du Reiki, fond\u00e9 par Mikao Usui, nous propose de \u00ab&nbsp;saisir&nbsp;\u00bb ce qu\u2019est l\u2019\u00e9nergie en \u00ab&nbsp;en faisant l\u2019exp\u00e9rience&nbsp;\u00bb. \u00c0 travers diff\u00e9rentes techniques tr\u00e8s concr\u00e8tes dans leur application, on peut apprendre \u00e0 la \u00ab&nbsp;sentir&nbsp;\u00bb, \u00e0 la saisir avec notre corps, notre ressenti. On ne fait pas appel ici \u00e0 notre intelligence intellectuelle, mentale mais \u00e0 l\u2019intelligence de notre corps, intelligence qu\u2019on oublie et qu\u2019on sous-estime bien trop souvent.<\/p>\n\n\n\n<p>Quand on essaye d\u2019expliquer comment et pourquoi les soins \u00e9nerg\u00e9tiques apaisent, ressourcent voire facilitent la gu\u00e9rison et qu\u2019on ne trouve pas de r\u00e9ponses scientifiques pour expliquer ces ph\u00e9nom\u00e8nes, on risque de tomber dans l\u2019\u00e9cueil de la dualit\u00e9&nbsp;: soit on y croit, soit on n\u2019y croit pas.<\/p>\n\n\n\n<p>Il y a, \u00e0 mon sens, un grand malentendu \u00e0 cet endroit&nbsp;: l\u2019\u00e9nerg\u00e9tique n\u2019a rien avoir avec la foi et encore moins le dogme, il ne s\u2019agit pas de <strong><em>croire <\/em><\/strong>que l\u2019\u00e9nergie&nbsp;\u00ab&nbsp;existe&nbsp;\u00bb et que ceux qui ont appris \u00e0 la mobiliser peuvent v\u00e9ritablement aider les autres \u00e0 se soigner, il s\u2019agit d\u2019en faire l\u2019exp\u00e9rience si on le souhaite, si on est curieux\/se, si on se sent attir\u00e9.e par ce domaine.<\/p>\n\n\n\n<p>Le syst\u00e8me du Reiki nous permet de renouer avec notre intelligence corporelle, de nous rappeler notre v\u00e9ritable nature et ainsi de retrouver nos pleins potentiels d\u2019auto-gu\u00e9rison sur tous les plans (physique, mental, psycho-\u00e9motionnel).<\/p>\n\n\n\n<p>Je sais que je fais l\u2019exp\u00e9rience de l\u2019\u00e9nergie non parce que je vois des couleurs les yeux ferm\u00e9s ou que je ressens de la chaleur dans mes mains \u2013 encore que c\u2019en est une manifestation tangible et qui rassure le mental \u2013 je le sais quand je commence \u00e0 \u00eatre plus en paix dans des situations qui m\u2019auraient fortement d\u00e9stabilis\u00e9e avant, que mes relations avec les autres sont plus harmonieuses, plus fluides. Je suis plus d\u00e9tendue, davantage dans l\u2019instant pr\u00e9sent, j\u2019agis quand je peux agir, j\u2019accueille avec compassion pour moi-m\u00eame ce qui est l\u00e0 quand je ne peux rien y faire et, parfois, souvent, de plus en plus souvent, je fais l\u2019exp\u00e9rience de la pl\u00e9nitude. C\u2019est cela la \u00ab&nbsp;preuve&nbsp;\u00bb que je mobilise et harmonise mon \u00e9nergie. Cela influe sur mon bien-\u00eatre et donc sur ma sant\u00e9. Je d\u00e9couvre alors que, en cultivant cet \u00e9tat d\u2019\u00eatre, je deviens une ressource pour les autres et que je peux les aider \u00e0 harmoniser leur \u00e9nergie \u00e0 leur tour.<\/p>\n\n\n\n<p>Le syst\u00e8me du Reiki, \u00e0 travers diff\u00e9rentes techniques concr\u00e8tes et accessibles \u00e0 tou.te.s, (m\u00e9ditation, auto-soins, mantras, etc.) nous enseigne comment retrouver, renforcer et nous r\u00e9approprier nos capacit\u00e9s d\u2019auto-gu\u00e9rison. Ni plus ni moins.<\/p>\n\n\n\n<p>Ce n\u2019est pas l\u2019intelligence du mental mais celle du corps qui nous permet de \u00ab&nbsp;saisir&nbsp;\u00bb v\u00e9ritablement ce qu\u2019est l\u2019\u00e9nergie.<\/p>\n\n\n\n<p>C\u2019est pour vous aider \u00e0 cultiver cette intelligence intrins\u00e8que que j\u2019enseigne le Reiki.<\/p>\n\n\n\n<p>Je le r\u00e9p\u00e8te, il n\u2019y a rien \u00e0 croire, il y a \u00e0 exp\u00e9rimenter, si l\u2019envie est l\u00e0.<\/p>\n\n\n\n<p>Je me tiens \u00e0 votre disposition pour cr\u00e9er des groupes \u00e0 partir de 3. Les samedi\/dimanche\/lundi ou en semaine pendant les vacances scolaires, deux jours entiers d\u2019initiation, cons\u00e9cutifs ou non. Pour tous renseignements, n\u2019h\u00e9sitez pas \u00e0 aller sur mon site http:\/\/christelle-rosset.com\/ ou \u00e0 m\u2019envoyer un courriel \u00e0 christelle.rosset.accompagnement@gmail.com<\/p>\n\n\n\n<p>Je vous souhaite de belles exp\u00e9rimentations.<\/p>\n\n\n\n<p><\/p>\n","protected":false},"excerpt":{"rendered":"<p>C\u2019est une question qu\u2019on me pose souvent, qu\u2019on m\u2019a pos\u00e9 encore hier. On pourrait th\u00e9oriser longtemps sur le sujet et essayer d\u2019expliquer ce qu\u2019est l\u2019\u00e9nergie. Certaines sciences s\u2019y emploient, la physique quantique notamment, et apportent leurs r\u00e9ponses parfois aussi vastes que leurs questionnements, c\u2019est un domaine en cours d\u2019exploration&#8230; et c\u2019est passionnant. Longtemps moi aussi, [&hellip;]<\/p>\n","protected":false},"author":1,"featured_media":0,"parent":0,"menu_order":0,"comment_status":"closed","ping_status":"closed","template":"","meta":{"footnotes":""},"class_list":["post-672","page","type-page","status-publish","hentry"],"_links":{"self":[{"href":"https:\/\/christelle-rosset.com\/index.php\/wp-json\/wp\/v2\/pages\/672","targetHints":{"allow":["GET"]}}],"collection":[{"href":"https:\/\/christelle-rosset.com\/index.php\/wp-json\/wp\/v2\/pages"}],"about":[{"href":"https:\/\/christelle-rosset.com\/index.php\/wp-json\/wp\/v2\/types\/page"}],"author":[{"embeddable":true,"href":"https:\/\/christelle-rosset.com\/index.php\/wp-json\/wp\/v2\/users\/1"}],"replies":[{"embeddable":true,"href":"https:\/\/christelle-rosset.com\/index.php\/wp-json\/wp\/v2\/comments?post=672"}],"version-history":[{"count":3,"href":"https:\/\/christelle-rosset.com\/index.php\/wp-json\/wp\/v2\/pages\/672\/revisions"}],"predecessor-version":[{"id":853,"href":"https:\/\/christelle-rosset.com\/index.php\/wp-json\/wp\/v2\/pages\/672\/revisions\/853"}],"wp:attachment":[{"href":"https:\/\/christelle-rosset.com\/index.php\/wp-json\/wp\/v2\/media?parent=672"}],"curies":[{"name":"wp","href":"https:\/\/api.w.org\/{rel}","templated":true}]}}