{"id":664,"date":"2021-10-27T12:01:23","date_gmt":"2021-10-27T10:01:23","guid":{"rendered":"http:\/\/christelle-rosset.com\/?page_id=664"},"modified":"2022-05-17T14:48:58","modified_gmt":"2022-05-17T12:48:58","slug":"les-soins-reiki-mais-pas-seulement-et-le-consentement","status":"publish","type":"page","link":"https:\/\/christelle-rosset.com\/index.php\/les-soins-reiki-mais-pas-seulement-et-le-consentement\/","title":{"rendered":"Les soins (reiki mais pas seulement) et le consentement"},"content":{"rendered":"\n<p>Une praticienne Reiki a partag\u00e9 avec moi une exp\u00e9rience int\u00e9ressante et qui l\u2019a fortement questionn\u00e9e. Elle m\u2019a demand\u00e9 comment je comprenais la situation et ce que j\u2019aurais fait \u00e0 sa place. Je la remercie pour ses questions qui nourrissent et interrogent ma pratique&nbsp;: c\u2019est que que j\u2019aime tant dans la transmission du Reiki et des soins \u00e9nerg\u00e9tiques.<\/p>\n\n\n\n<p>J\u2019ai ressenti le besoin de lui r\u00e9pondre par \u00e9crit, il me semble que ces r\u00e9flexions pourraient \u00eatre utiles \u00e0 celles et ceux qui font des soins (peu importe le type de soin). Je les diffuse donc ici.<\/p>\n\n\n\n<p><em>\u00ab\u00a0Une amie m\u2019a demand\u00e9 si je pouvais faire un soin \u00e0 \u00ab\u00a0distance\u00a0\u00bb \u00e0 sa maman qui vient d\u2019\u00eatre admise \u00e0 l\u2019h\u00f4pital. La demande ne vient pas de la patiente qui n&rsquo;est pas en mesure de consentir ou non au soin. Que faire\u00a0?\u00a0\u00bb<\/em><\/p>\n\n\n\n<p><strong>Dans le cas d\u2019une urgence o\u00f9 la personne concern\u00e9e ne peut demander elle-m\u00eame un soin, que fait-on&nbsp;?<\/strong><\/p>\n\n\n\n<p>Pour moi, r\u00e9pondre demande un grand discernement et les diff\u00e9rents outils du syst\u00e8me du Reiki nous aident \u00e0 en disposer clairement.<\/p>\n\n\n\n<ul class=\"wp-block-list\"><li><strong>Fait-on un soin \u00e0 quelqu\u2019un qui ne l\u2019a pas demand\u00e9&nbsp;?<\/strong><\/li><\/ul>\n\n\n\n<p>La r\u00e9ponse est pour moi claire, nette et pr\u00e9cise&nbsp;: non.<\/p>\n\n\n\n<p>Ce serait intrusif, un abus de pouvoir qui \u00e9mane du sauveur\/de la sauveuse en nous. M\u00eame si nous avons les meilleures intentions du monde, le <strong>respect du libre arbitre<\/strong> et de l\u2019<strong>int\u00e9grit\u00e9<\/strong> de l\u2019autre pr\u00e9vaut. C\u2019est une question d\u2019<strong>\u00e9thique<\/strong>.<\/p>\n\n\n\n<p>Si la personne est inconsciente et ne peut en faire la demande, la m\u00eame r\u00e8gle que dans le cadre l\u00e9gal de la m\u00e9decine allopathique pourrait s\u2019appliquer&nbsp;: la personne qui a \u00e9t\u00e9 d\u00e9sign\u00e9e comme la personne de confiance par le.a patient.e prend les d\u00e9cisions en son nom.<\/p>\n\n\n\n<p>Encore faut-il que ce cadre de confiance ait \u00e9t\u00e9 \u00e9tabli, ce qui n\u2019est pas toujours le cas.<\/p>\n\n\n\n<p>Pour \u00e9viter les dilemmes de ce genre, je conseille vivement aux praticien.ne.s de faire conna\u00eetre leurs comp\u00e9tences (de soins dits \u00e0 \u00ab\u00a0distance\u00a0\u00bb par exemple) \u00e0 leurs proches et de leur demander CLAIREMENT s\u2019iels seraient int\u00e9ress\u00e9.e.s par un soin dans un tel cas de figure.<\/p>\n\n\n\n<p>De m\u00eame, que chacun.e puisse, en amont, faire savoir \u00e0 ses proches sa volont\u00e9 librement et clairement exprim\u00e9e serait profitable.<\/p>\n\n\n\n<p>Cette exp\u00e9rience nous montre \u00e0 quel point il est important de communiquer \u00e0 nos proches ce que nous souhaitons que ce soient pour les traitement m\u00e9dicaux classiques comme pour les soins dit alternatifs.<\/p>\n\n\n\n<p>Dans le cas ici, la fille de la patient.e demande un soin pour sa maman, si c&rsquo;\u00e9tait moi&nbsp;:<\/p>\n\n\n\n<ul class=\"wp-block-list\"><li>Soit la fille en a discut\u00e9 avec sa maman avant et a son accord, je peux donc faire le soin.<\/li><li>Soit ce n\u2019est pas le cas, je proposerais alors \u00e0 la personne un soin pour elle car, \u00e0 ce moment-l\u00e0, c\u2019est elle qui exprime un besoin (elle est inqui\u00e8te pour sa maman, veut aider, se sent peut-\u00eatre impuissante, etc.). Cela peut \u00e9galement l\u2019aider \u00e0 accepter et mieux comprendre mon refus de faire un soin \u00e0 sa maman dans ces conditions.<\/li><\/ul>\n\n\n\n<p>Dans l\u2019absolu, si nous \u00e9tions capables (mais le sommes-nous\u00a0?) d\u2019\u00eatre dans l\u2019\u00e9nergie\/la vibration de Mikao Usui (fondateur du syst\u00e8me du Reiki), nous pourrions nous passer du consentement\u00a0 de l\u2019autre mais, et ce \u00ab\u00a0mais\u00a0\u00bb est tr\u00e8s important, il faudrait nous assurer que tous les points suivants soient \u00ab\u00a0coch\u00e9s\u00a0\u00bb\u00a0: est-ce vraiment le cas\u00a0?<\/p>\n\n\n\n<ul class=\"wp-block-list\"><li>J\u2019agis sans peur ni col\u00e8re.<\/li><\/ul>\n\n\n\n<ul class=\"wp-block-list\"><li>J\u2019agis sans pression, ni pour faire plaisir, ni pour \u00eatre reconnu.e, ni pour me prouver que je peux le faire.<\/li><\/ul>\n\n\n\n<ul class=\"wp-block-list\"><li>Je suis dans un \u00e9tat d\u2019ouverture complet et j\u2019agis sans les limitations de mon ego.<\/li><\/ul>\n\n\n\n<ul class=\"wp-block-list\"><li>Je suis absolument certain.e.s que je ne suis pas en train d\u2019avoir un projet pour l\u2019autre (iel a besoin de ceci, iel a besoin de cela, je \u00ab&nbsp;sais&nbsp;\u00bb mieux que lui\/elle).<\/li><\/ul>\n\n\n\n<ul class=\"wp-block-list\"><li>Je suis certain.e que ce n\u2019est pas le sauveur\/la sauveuse en moi qui s\u2019active ici.<\/li><\/ul>\n\n\n\n<ul class=\"wp-block-list\"><li>J\u2019agis \u00e0 partir de la partie la plus lumineuse, la plus authentique et la plus humble en moi.<\/li><\/ul>\n\n\n\n<p>Dans le doute, et l\u00e0 je parle du bon doute qui nous permet d\u2019\u00eatre au clair avec nous-m\u00eames, dans une exigence d\u2019\u00eatre la meilleure contribution possible pour l\u2019autre&#8230; je crois qu\u2019il est plus prudent de s\u2019abstenir car, en v\u00e9rit\u00e9, nous sommes humain.e.s et faillibles et le cadre du consentement donn\u00e9 clairement nous prot\u00e8ge et prot\u00e8ge nos consultant.e.s.<\/p>\n","protected":false},"excerpt":{"rendered":"<p>Une praticienne Reiki a partag\u00e9 avec moi une exp\u00e9rience int\u00e9ressante et qui l\u2019a fortement questionn\u00e9e. Elle m\u2019a demand\u00e9 comment je comprenais la situation et ce que j\u2019aurais fait \u00e0 sa place. Je la remercie pour ses questions qui nourrissent et interrogent ma pratique&nbsp;: c\u2019est que que j\u2019aime tant dans la transmission du Reiki et des [&hellip;]<\/p>\n","protected":false},"author":1,"featured_media":0,"parent":0,"menu_order":0,"comment_status":"closed","ping_status":"closed","template":"","meta":{"footnotes":""},"class_list":["post-664","page","type-page","status-publish","hentry"],"_links":{"self":[{"href":"https:\/\/christelle-rosset.com\/index.php\/wp-json\/wp\/v2\/pages\/664","targetHints":{"allow":["GET"]}}],"collection":[{"href":"https:\/\/christelle-rosset.com\/index.php\/wp-json\/wp\/v2\/pages"}],"about":[{"href":"https:\/\/christelle-rosset.com\/index.php\/wp-json\/wp\/v2\/types\/page"}],"author":[{"embeddable":true,"href":"https:\/\/christelle-rosset.com\/index.php\/wp-json\/wp\/v2\/users\/1"}],"replies":[{"embeddable":true,"href":"https:\/\/christelle-rosset.com\/index.php\/wp-json\/wp\/v2\/comments?post=664"}],"version-history":[{"count":4,"href":"https:\/\/christelle-rosset.com\/index.php\/wp-json\/wp\/v2\/pages\/664\/revisions"}],"predecessor-version":[{"id":754,"href":"https:\/\/christelle-rosset.com\/index.php\/wp-json\/wp\/v2\/pages\/664\/revisions\/754"}],"wp:attachment":[{"href":"https:\/\/christelle-rosset.com\/index.php\/wp-json\/wp\/v2\/media?parent=664"}],"curies":[{"name":"wp","href":"https:\/\/api.w.org\/{rel}","templated":true}]}}