{"id":620,"date":"2021-01-07T16:24:40","date_gmt":"2021-01-07T15:24:40","guid":{"rendered":"http:\/\/christelle-rosset.com\/?page_id=620"},"modified":"2025-03-20T15:07:14","modified_gmt":"2025-03-20T14:07:14","slug":"reiki-play-day","status":"publish","type":"page","link":"https:\/\/christelle-rosset.com\/index.php\/reiki-play-day\/","title":{"rendered":"Reiki Play Day"},"content":{"rendered":"\n<p>R\u00e9serv\u00e9 aux initi\u00e9.e.s au Reiki quel que soit votre niveau (ou votre lign\u00e9e).<\/p>\n\n\n\n<p>Une journ\u00e9e (10h30 \u2013 18h) <\/p>\n\n\n\n<p class=\"has-background\" style=\"background-color:#87d77e\"><strong>Objectifs<\/strong> :<\/p>\n\n\n\n<ul class=\"wp-block-list\">\n<li>Approfondir votre pratique \u00e0 travers des pratiques vari\u00e9es, un pas de plus vers la (re)d\u00e9couverte de votre VRAIE NATURE NON DUELLE.<\/li>\n\n\n\n<li>Vivre l&rsquo;EXPERIENCE de l&rsquo;interconnexion et de la non dualit\u00e9, que ce ne soit pas un concept mais un VECU auquel vous pouvez revenir et vous r\u00e9f\u00e9rer quand\/si la vie vient vous chahuter. <\/li>\n\n\n\n<li>Jouer avec l\u2019\u00e9nergie pour sortir des \u00ab\u00a0protocoles\u00a0\u00bb et apprendre \u00e0 vous fier et d\u00e9velopper votre INTUITION.<\/li>\n\n\n\n<li>Recevoir le soutien et les enseignements de la voie japonaise au service d&rsquo;un MIEUX ETRE e concret dans votre vie quotidienne: moins de col\u00e8re, moins de souci, plus de gratitude, d&rsquo;authenticit\u00e9 et de compassion&#8230;<\/li>\n\n\n\n<li>Lib\u00e9rer tout ce qui emp\u00eache votre ENERGIE de circuler librement en r\u00e9sonance avec le flux de la vie pour plus de l\u00e9g\u00e8ret\u00e9, de simplicit\u00e9 et de joie&#8230;<\/li>\n<\/ul>\n\n\n\n<p class=\"has-background\" style=\"background-color:#87d77e\"><strong>Contenu&nbsp;:<\/strong><\/p>\n\n\n\n<ul class=\"wp-block-list\">\n<li>Alternance entre des pratiques seul.e.s et en groupe\u00a0: parfois en bin\u00f4me, parfois en trin\u00f4me et parfois c\u2019est l\u2019ensemble du groupe qui travaille ensemble.<\/li>\n\n\n\n<li>Variation dans les types de pratiques pour que chacun.e puisse identifier et exp\u00e9rimenter ce qui \u00ab\u00a0accorde\u00a0\u00bb le mieux son instrument\u00a0:\n<ul class=\"wp-block-list\">\n<li>Soins et auto-soins.<\/li>\n\n\n\n<li>M\u00e9ditations\u00a0: visualisation et chant de mantras.<\/li>\n\n\n\n<li>Mises en mouvement du corps.<\/li>\n\n\n\n<li>Etc.<\/li>\n<\/ul>\n<\/li>\n\n\n\n<li>Va-et-vient entre \u00ab\u00a0forme\u00a0\u00bb et \u00ab\u00a0non forme\u00a0\u00bb conform\u00e9ment aux enseignements de Mikao Usui et la voie japonaise du Reiki\u00a0: apprendre \u00e0 ETRE au lieu (en plus)  de FAIRE.<\/li>\n\n\n\n<li>Partages d\u2019exp\u00e9rience pour soutenir et renforcer la pratique de chacun.e\u00a0: le travail en groupe permet de grandes transformations. Pratiquer une journ\u00e9e ensemble c\u2019est donner\/recevoir un soin tr\u00e8s profond.<\/li>\n\n\n\n<li>Vous vivez le rituel de reliance et de b\u00e9n\u00e9diction spirituelle nomm\u00e9 Reiju.<\/li>\n<\/ul>\n\n\n\n<p class=\"has-background\" style=\"background-color:#87d77e\"><strong>Quelles sont les modalit\u00e9s<\/strong> <strong>?<\/strong><\/p>\n\n\n\n<ul class=\"wp-block-list\">\n<li>Participation : 110 euros,<\/li>\n\n\n\n<li>Forc\u00e9ment en pr\u00e9sentiel \u00e0 PARIS 18e.<\/li>\n<\/ul>\n\n\n\n<p>Pour en savoir plus, merci de m\u2019envoyer un courriel \u00e0 christelle.rosset.accompagnement@gmail.com <\/p>\n\n\n\n<p class=\"has-background\" style=\"background-color:#87d77e\"><strong>T\u00e9moignages<\/strong><\/p>\n\n\n\n<p class=\"has-background\" style=\"background-color:#c0ecc1\">Merci <a href=\"https:\/\/www.facebook.com\/christelle.rosset.359?__cft__[0]=AZUrQvcF3yzs9L-RdgeQj_OKQsIvveIlL0B8OObu-10w7LTmHmhhjJmmgqPkchlk8p6n0N7iKNLry-dkbgMVAicFpdrpUJnb6M30RCyHCePxOtjKpgo_uQd1jFzCUwp2Z4YqEX3HkEQBCe6cre8iWUhkhUdjMam4NdlxNM_Ozbly9Q&amp;__tn__=R]-R\">Christelle Accompagnement Holistique<\/a> pour cette journ\u00e9e merveilleuse de partages, de pratiques et d\u2019enseignements bienveillants, authentiques, joyeux et profonds autour du Reiki. Tu es une enseignante inspir\u00e9e et inspirante, une femme de coeur, et tu as su cr\u00e9er le climat de confiance pour permettre \u00e0 chacune d\u2019entre nous de contacter sa puissance et sa lumi\u00e8re int\u00e9rieure\u2026 Et merci au groupe, incroyable ! \u00c0 la fin de la journ\u00e9e, les paillettes ne brillaient pas que sur nos joues !<img loading=\"lazy\" decoding=\"async\" width=\"16\" height=\"16\" alt=\"\ud83d\udc95\" src=\"https:\/\/static.xx.fbcdn.net\/images\/emoji.php\/v9\/t68\/1\/16\/1f495.png\"><img loading=\"lazy\" decoding=\"async\" width=\"16\" height=\"16\" alt=\"\u2728\" src=\"https:\/\/static.xx.fbcdn.net\/images\/emoji.php\/v9\/tf4\/1\/16\/2728.png\"> (B\u00e9atrice)<\/p>\n\n\n\n<p class=\"has-background\" style=\"background-color:#c1f1ef\">Gratitude \u00e0 toi de nous avoir offert l&rsquo;occasion de ce partage. Merci pour l\u2019humilit\u00e9 que tu mets dans ces partages, qui permet \u00e0 chacune de nous de trouver sa place. Moment privil\u00e9gi\u00e9 qui, pour ma part, participe \u00e0 l\u2019\u00e9veil de ma conscience et me permet de cheminer pas \u00e0 pas. (T.)<\/p>\n","protected":false},"excerpt":{"rendered":"<p>R\u00e9serv\u00e9 aux initi\u00e9.e.s au Reiki quel que soit votre niveau (ou votre lign\u00e9e). Une journ\u00e9e (10h30 \u2013 18h) Objectifs : Contenu&nbsp;: Quelles sont les modalit\u00e9s ? Pour en savoir plus, merci de m\u2019envoyer un courriel \u00e0 christelle.rosset.accompagnement@gmail.com T\u00e9moignages Merci Christelle Accompagnement Holistique pour cette journ\u00e9e merveilleuse de partages, de pratiques et d\u2019enseignements bienveillants, authentiques, joyeux [&hellip;]<\/p>\n","protected":false},"author":1,"featured_media":0,"parent":0,"menu_order":0,"comment_status":"closed","ping_status":"closed","template":"","meta":{"footnotes":""},"class_list":["post-620","page","type-page","status-publish","hentry"],"_links":{"self":[{"href":"https:\/\/christelle-rosset.com\/index.php\/wp-json\/wp\/v2\/pages\/620","targetHints":{"allow":["GET"]}}],"collection":[{"href":"https:\/\/christelle-rosset.com\/index.php\/wp-json\/wp\/v2\/pages"}],"about":[{"href":"https:\/\/christelle-rosset.com\/index.php\/wp-json\/wp\/v2\/types\/page"}],"author":[{"embeddable":true,"href":"https:\/\/christelle-rosset.com\/index.php\/wp-json\/wp\/v2\/users\/1"}],"replies":[{"embeddable":true,"href":"https:\/\/christelle-rosset.com\/index.php\/wp-json\/wp\/v2\/comments?post=620"}],"version-history":[{"count":17,"href":"https:\/\/christelle-rosset.com\/index.php\/wp-json\/wp\/v2\/pages\/620\/revisions"}],"predecessor-version":[{"id":886,"href":"https:\/\/christelle-rosset.com\/index.php\/wp-json\/wp\/v2\/pages\/620\/revisions\/886"}],"wp:attachment":[{"href":"https:\/\/christelle-rosset.com\/index.php\/wp-json\/wp\/v2\/media?parent=620"}],"curies":[{"name":"wp","href":"https:\/\/api.w.org\/{rel}","templated":true}]}}