{"id":554,"date":"2020-09-14T13:00:27","date_gmt":"2020-09-14T11:00:27","guid":{"rendered":"http:\/\/christelle-rosset.com\/?page_id=554"},"modified":"2021-12-13T16:47:38","modified_gmt":"2021-12-13T15:47:38","slug":"les-meditations-du-lundi","status":"publish","type":"page","link":"https:\/\/christelle-rosset.com\/index.php\/les-meditations-du-lundi\/","title":{"rendered":"Les M\u00e9ditations du lundi"},"content":{"rendered":"\n<p>Depuis d\u00e9cembre 2019, j\u2019ai anim\u00e9 une dizaine d\u2019<strong>ateliers autour de la m\u00e9ditation auxquels je joins des soins \u00e9nerg\u00e9tiques<\/strong> et je ne peux que constater \u00e0 quel point \u00e7a fait du bien&nbsp;: \u00e0 chaque s\u00e9ance, je vois l\u2019\u00e9volution des participant.e.s (et la mienne) vers plus de paix, plus de vitalit\u00e9 et plus de joie&nbsp;!<\/p>\n\n\n\n<p><em>\u00ab&nbsp;Je sens de plus en plus que, guid\u00e9e et accompagn\u00e9e par Christelle, par la m\u00e9ditation et les soins et nettoyages \u00e9nerg\u00e9tiques je gagne en puissance et en autonomie pour vivre mieux.\u00bb (S.)&nbsp;<\/em><\/p>\n\n\n\n<p><em>\u00ab&nbsp;C\u2019\u00e9tait tr\u00e8s puissant. J\u2019ai eu la sensation d\u2019\u00eatre tr\u00e8s bien accueillie par toi et par le groupe [&#8230;] Encore merci pour ce beau soin. Je me sens plus ancr\u00e9e et avec une joie paisible\u00bb&nbsp;(K.)<\/em><\/p>\n\n\n\n<p class=\"has-background\" style=\"background-color:#87d77e\">Pour rendre ces s\u00e9ances<strong> encore plus accessibles et plus efficaces<\/strong>, je vous propose aujourd\u2019hui des s\u00e9ances <strong>tous les lundis de 21h \u00e0 21h45 \u00e0 distance sur SKYPE mais en direct <\/strong>:<\/p>\n\n\n\n<ul class=\"wp-block-list\"><li><strong>Plus accessibles<\/strong><ul><li>&nbsp;Vous n\u2019avez pas besoin de vous d\u00e9placer&nbsp;: on se voit sur SKYPE ,<\/li><\/ul><ul><li>Pas de panique pour les n\u00e9ophytes, ce n&rsquo;est pas 45 min de m\u00e9ditation en silence mais un temps pour introduire l&rsquo;angle du jour qui donne une ou deux piste(s) possibles pour m\u00e9diter, une m\u00e9ditation guid\u00e9e (20 \u00e0 30min) , un temps d&rsquo;\u00e9change pour r\u00e9pondre \u00e0 vos questions et partager vos ressentis,<\/li><\/ul><ul><li>C\u2019est 12 euros la s\u00e9ance,<\/li><\/ul><\/li><li><strong>Encore plus efficaces<\/strong><ul><li>Il n\u2019y a pas de secret pour apprendre \u00e0 m\u00e9diter, il faut pratiquer, pratiquer, pratiquer,<\/li><\/ul><ul><li>La r\u00e9gularit\u00e9 des s\u00e9ances entretient votre motivation,<\/li><\/ul><ul><li>Je r\u00e9ponds \u00e0 vos questions et aux (\u00e9ventuelles) difficult\u00e9s rencontr\u00e9es dans votre pratique au fur et \u00e0 mesure pour \u00e9viter que vous abandonniez faute d\u2019encouragements et d\u2019\u00e9claircissements,<\/li><\/ul><ul><li>L\u2019\u00e9nergie du groupe soutient votre pratique.<\/li><\/ul><\/li><\/ul>\n\n\n\n<p><strong>Mon conseil<\/strong> :  vous inscrire pour 3 s\u00e9ances afin d\u2019ancrer une pratique r\u00e9guli\u00e8re (on dit que le cerveau met 21 jours avant d\u2019enregistrer une nouvelle habitude) mais rien ne vous emp\u00eache de nous rejoindre tous les 15 jours, une fois par mois ou <strong>simplement quand vous en avez envie.<\/strong><\/p>\n\n\n\n<p class=\"has-background\" style=\"background-color:#87d77e\"><strong>Les petits trucs en plus\u00a0: <\/strong><\/p>\n\n\n\n<ul class=\"wp-block-list\"><li><strong>Vous recevez un soin \u00e9nerg\u00e9tique<\/strong> qui harmonise votre \u00e9nergie vitale pour apaiser votre mental et rendre votre pratique plus facile, plus fluide et plus joyeuse\u00a0!<\/li><li>J&rsquo;<strong>enregistre la s\u00e9ance<\/strong> pour que vous puissiez la refaire chez vous quand bon vous semble. (vous la recevez par mail en format audio \u00e0 l&rsquo;issue de la pratique)<\/li><\/ul>\n\n\n\n<p>Pour celles et ceux qui pensent que la m\u00e9ditation c&rsquo;est bien joli mais pas fait pour elles\/eux, je vous invite \u00e0 lire cet article&nbsp;: <a href=\"http:\/\/christelle-rosset.com\/index.php\/pour-celles-et-ceux-qui-sont-persuade-e-s-que-la-meditation-nest-pas-pour-elles-eux\/\">mes premi\u00e8res rencontres chaotiques avec la m\u00e9ditation<\/a>&#8230; alors que maintenant je l\u2019enseigne&#8230;<\/p>\n\n\n\n<p class=\"has-background\" style=\"background-color:#87d77e\"><strong>\u00c7a se passe chez vous, sur SKYPE, tous les lundis de 21h \u00e0 21h45. \u00c7a co\u00fbte 12 euros.<\/strong><\/p>\n\n\n\n<p>Au programme&nbsp;:<\/p>\n\n\n\n<ul class=\"wp-block-list\"><li>M\u00e9ditations guid\u00e9es et intuitives,<\/li><li>Connaissances th\u00e9oriques et pratiques,<\/li><li>Soin d\u2019harmonisation \u00e9nerg\u00e9tique.<\/li><\/ul>\n\n\n\n<p>Pour vous inscrire&nbsp;: merci de m\u2019envoyer un courriel \u00e0 <a href=\"mailto:christelle.rosset.accompagnement@gmail.com\">christelle.rosset.accompagnement@gmail.com<\/a><\/p>\n\n\n\n<p>Pour le moment, le r\u00e8glement se fait par virement bancaire avant la s\u00e9ance.<\/p>\n","protected":false},"excerpt":{"rendered":"<p>Depuis d\u00e9cembre 2019, j\u2019ai anim\u00e9 une dizaine d\u2019ateliers autour de la m\u00e9ditation auxquels je joins des soins \u00e9nerg\u00e9tiques et je ne peux que constater \u00e0 quel point \u00e7a fait du bien&nbsp;: \u00e0 chaque s\u00e9ance, je vois l\u2019\u00e9volution des participant.e.s (et la mienne) vers plus de paix, plus de vitalit\u00e9 et plus de joie&nbsp;! \u00ab&nbsp;Je sens [&hellip;]<\/p>\n","protected":false},"author":1,"featured_media":0,"parent":0,"menu_order":0,"comment_status":"closed","ping_status":"closed","template":"","meta":{"footnotes":""},"class_list":["post-554","page","type-page","status-publish","hentry"],"_links":{"self":[{"href":"https:\/\/christelle-rosset.com\/index.php\/wp-json\/wp\/v2\/pages\/554","targetHints":{"allow":["GET"]}}],"collection":[{"href":"https:\/\/christelle-rosset.com\/index.php\/wp-json\/wp\/v2\/pages"}],"about":[{"href":"https:\/\/christelle-rosset.com\/index.php\/wp-json\/wp\/v2\/types\/page"}],"author":[{"embeddable":true,"href":"https:\/\/christelle-rosset.com\/index.php\/wp-json\/wp\/v2\/users\/1"}],"replies":[{"embeddable":true,"href":"https:\/\/christelle-rosset.com\/index.php\/wp-json\/wp\/v2\/comments?post=554"}],"version-history":[{"count":22,"href":"https:\/\/christelle-rosset.com\/index.php\/wp-json\/wp\/v2\/pages\/554\/revisions"}],"predecessor-version":[{"id":734,"href":"https:\/\/christelle-rosset.com\/index.php\/wp-json\/wp\/v2\/pages\/554\/revisions\/734"}],"wp:attachment":[{"href":"https:\/\/christelle-rosset.com\/index.php\/wp-json\/wp\/v2\/media?parent=554"}],"curies":[{"name":"wp","href":"https:\/\/api.w.org\/{rel}","templated":true}]}}