{"id":148,"date":"2020-06-12T11:57:45","date_gmt":"2020-06-12T09:57:45","guid":{"rendered":"http:\/\/christelle-rosset.com\/?page_id=148"},"modified":"2025-04-07T14:32:28","modified_gmt":"2025-04-07T12:32:28","slug":"formation-au-reiki","status":"publish","type":"page","link":"https:\/\/christelle-rosset.com\/index.php\/formation-au-reiki\/","title":{"rendered":"Formation au Reiki selon Usui Reiki Ryoho"},"content":{"rendered":"\n<p>Le Reiki est connu pour \u00eatre une m\u00e9thode de soin \u00e9nerg\u00e9tique. C\u2019est vrai mais c\u2019est tellement plus que cela. Je l&rsquo;ai compris en me formant avec Frans Stiene \u00e0 la <a href=\"https:\/\/ihreiki.com\/about\/reiki_teachers\/graduate_teachers\/france\/christelle-rosset\/?v=82a9e4d26595\">International House of Reiki<\/a>.<\/p>\n\n\n\n<p>Pour moi, c\u2019est avant tout un <strong>art de vivre<\/strong> ou une<strong> voie spirituelle<\/strong> (choisissez les mots qui r\u00e9sonnent le plus pour vous), un syst\u00e8me qui nous propose des outils (m\u00e9ditations, initiations, pr\u00e9ceptes, mantras pour ne citer que ceux-l\u00e0) pour <strong>(re)d\u00e9couvrir notre vraie Nature<\/strong>, <strong>notre Moi authentique.<\/strong> <\/p>\n\n\n\n<p class=\"has-text-align-center has-background\" style=\"background-color:#87d77e\">Un <strong>chemin fait par soi, au c\u0153ur de soi <\/strong>pour faire briller, davantage encore,<strong> sa propre lumi\u00e8re.<\/strong><\/p>\n\n\n\n<p>C\u2019est ainsi, et seulement ainsi, que nous pouvons esp\u00e9rer alors aider les autres \u00e0 retrouver, r\u00e9g\u00e9n\u00e9rer, faire rayonner leur propre lumi\u00e8re en leur faisant \u2013 \u00e9ventuellement &#8211; des soins.<\/p>\n\n\n\n<p> Mikao Usui (1865-1926) est le fondateur de ce syst\u00e8me.<\/p>\n\n\n\n<figure class=\"wp-block-image size-large\"><img loading=\"lazy\" decoding=\"async\" width=\"1024\" height=\"768\" src=\"http:\/\/christelle-rosset.com\/wp-content\/uploads\/2020\/06\/pont-2-1024x768.jpg\" alt=\"\" class=\"wp-image-240\" srcset=\"https:\/\/christelle-rosset.com\/wp-content\/uploads\/2020\/06\/pont-2-1024x768.jpg 1024w, https:\/\/christelle-rosset.com\/wp-content\/uploads\/2020\/06\/pont-2-300x225.jpg 300w, https:\/\/christelle-rosset.com\/wp-content\/uploads\/2020\/06\/pont-2-768x576.jpg 768w, https:\/\/christelle-rosset.com\/wp-content\/uploads\/2020\/06\/pont-2-1536x1152.jpg 1536w, https:\/\/christelle-rosset.com\/wp-content\/uploads\/2020\/06\/pont-2-2048x1536.jpg 2048w, https:\/\/christelle-rosset.com\/wp-content\/uploads\/2020\/06\/pont-2-900x675.jpg 900w, https:\/\/christelle-rosset.com\/wp-content\/uploads\/2020\/06\/pont-2-1280x960.jpg 1280w\" sizes=\"auto, (max-width: 1024px) 100vw, 1024px\" \/><\/figure>\n\n\n\n<p class=\"has-background\" style=\"background-color:#87d77e\"><strong>Pourquoi j\u2019enseigne ce syst\u00e8me et ses m\u00e9thodes&nbsp;?<\/strong><\/p>\n\n\n\n<p>Quand j\u2019ai d\u00e9couvert le Reiki, je cheminais d\u00e9j\u00e0 depuis plusieurs ann\u00e9es dans l\u2019univers des soins \u00e9nerg\u00e9tiques. C\u2019\u00e9tait tr\u00e8s enrichissant, mais, il me manquait quelque chose.<\/p>\n\n\n\n<p>J\u2019avais toutes sortes d\u2019<em>a priori <\/em>sur ce syst\u00e8me mais la fa\u00e7on de le pratiquer, dans cette lign\u00e9e sp\u00e9cifique (<em><a href=\"https:\/\/ihreiki.com\/about\/reiki_teachers\/graduate_teachers\/france\/christelle-rosset\/?v=82a9e4d26595\">Usui Reiki Ryoho<\/a><\/em> ), m\u2019a tellement <strong>apais\u00e9e, \u00e9clair\u00e9e et fait \u00e9voluer <\/strong>que j\u2019ai tr\u00e8s vite ressenti l\u2019envie et, m\u00eame le besoin, de le transmettre.<\/p>\n\n\n\n<p>C\u2019est une v\u00e9ritable joie et un privil\u00e8ge de vous faire entrer dans cet univers <strong>si doux et si puissant<\/strong> \u00e0 la fois&nbsp;!<\/p>\n\n\n\n<p class=\"has-background\" style=\"background-color:#87d77e\"><strong>Pourquoi s\u2019initier au Reiki&nbsp;?<\/strong><\/p>\n\n\n\n<p>Il n\u2019y a pas besoin d\u2019\u00eatre th\u00e9rapeute ni m\u00eame de vouloir le devenir pour se former au Reiki. Il n\u2019y a pas besoin non plus d\u2019avoir fait des \u00e9tudes. C\u2019est un <strong>syst\u00e8me facile d\u2019acc\u00e8s et tr\u00e8s concret<\/strong> dans ses applications, c\u2019est aussi pour cela que<strong> <\/strong>je l\u2019aime tant.<\/p>\n\n\n\n<ul class=\"wp-block-list\">\n<li>Pour retrouver l\u2019espace en<strong> paix<\/strong> \u00e0 l\u2019int\u00e9rieur de nous et y puiser l&rsquo;<strong>\u00e9nergie <\/strong>dont nous avons besoin pour avancer,<\/li>\n\n\n\n<li>Y dialoguer \u00e0 nouveau avec <strong>notre guide int\u00e9rieur<\/strong> (et non plus avec notre ego et notre mental qui ne peuvent \u00eatre des solutions aux probl\u00e8mes qu\u2019ils ont eux-m\u00eames cr\u00e9\u00e9s de toutes pi\u00e8ces),<\/li>\n\n\n\n<li><strong>Retrouver nos ressources profondes puissantes<\/strong> que notre ego nous cache,<\/li>\n\n\n\n<li>Entrer en contact avec nos blessures anciennes en toute s\u00e9curit\u00e9 pour <strong>les lib\u00e9rer et s\u2019ouvrir \u00e0 la gu\u00e9rison<\/strong> aussi bien au niveau physique que psycho-\u00e9motionnelle.<\/li>\n<\/ul>\n\n\n\n<p>J\u2019insiste: c\u2019est avant tout une fa\u00e7on de <strong>s\u2019auto-accompagner<\/strong>, surtout le niveau I. (Il y a trois niveaux dans cette lign\u00e9e).<\/p>\n\n\n\n<p class=\"has-background\" style=\"background-color:#87d77e\"><strong>Pour celles et ceux qui veulent&nbsp;<\/strong>&#8230;<\/p>\n\n\n\n<ul class=\"wp-block-list\">\n<li>D\u00e9couvrir et pratiquer en groupe des techniques de <strong>m\u00e9ditation <\/strong>(accessibles \u00e0 tou.te.s),<\/li>\n\n\n\n<li>Apprendre \u00e0 accueillir avec plus de compassion vos pens\u00e9es pour mieux les transformer, pour <strong>mieux Vous transformer<\/strong>,<\/li>\n\n\n\n<li><strong>Pacifier votre mental<\/strong> pour vivre davantage dans l\u2019 <em>ici et maintenant<\/em>,<\/li>\n\n\n\n<li>Retrouver et maintenir un meilleur <strong>\u00e9quilibre entre votre corps, votre esprit et votre \u00e2me<\/strong>,<\/li>\n\n\n\n<li>D\u00e9couvrir les principales lois \u00e9nerg\u00e9tiques et comment elles peuvent vous aider \u00e0 vivre en <strong>meilleure sant\u00e9<\/strong> \u00e0 tous les niveaux,<\/li>\n\n\n\n<li>Apprendre des soins et <strong>auto-soins<\/strong> pour  restaurer et soutenir votre \u00e9quilibre physique, psycho-\u00e9motionnel et mental,<\/li>\n\n\n\n<li>\u00catre plus <strong>align\u00e9.e \u00e0 votre vrai Vous<\/strong> (pas la personne que vous vous \u00eates construite pour faire plaisir \u00e0 vos parents, \u00e0 la soci\u00e9t\u00e9 ou \u00e0 qui que ce soit d\u2019autre\u2026 sachant qu\u2019on fait tou.te.s de notre mieux),<\/li>\n\n\n\n<li>\u00catre plus <strong>align\u00e9.e encore \u00e0 votre chemin de vie<\/strong>.<\/li>\n\n\n\n<li><strong>D\u00e9couvrir et d\u00e9velopper vos ressources profondes et vos capacit\u00e9s extra-sensorielles<\/strong>.<\/li>\n<\/ul>\n\n\n\n<p class=\"has-background\" style=\"background-color:#87d77e\"><strong>Modalit\u00e9s<\/strong> <strong>pour la formation au <a href=\"http:\/\/christelle-rosset.com\/index.php\/initiation-shoden-dans-la-lignee-usui-reiki-ryoho\/\" data-type=\"URL\" data-id=\"http:\/\/christelle-rosset.com\/index.php\/initiation-shoden-dans-la-lignee-usui-reiki-ryoho\/\" target=\"_blank\" rel=\"noreferrer noopener\">Reiki Shoden (niveau I)<\/a><\/strong><\/p>\n\n\n\n<ul class=\"wp-block-list\">\n<li><strong>Deux jours<\/strong> (10h-17h30) dans le 18<sup>e<\/sup> \u00e0 Paris. <strong>Elle se fait obligatoirement en pr\u00e9sentiel\u00a0!<\/strong><\/li>\n\n\n\n<li>Un livret de formation vous sera remis.<\/li>\n\n\n\n<li>Vous  recevrez un certificat \u00e0 l\u2019issue du module.<\/li>\n\n\n\n<li>Nombre de participant.e.s\u00a0: <strong>entre 3 et 8<\/strong> maximum.<\/li>\n\n\n\n<li>Prix\u00a0: 280 euros.<\/li>\n<\/ul>\n\n\n\n<p>Pour en savoir plus sur le d\u00e9roul\u00e9 de <strong>Shoden (niveau I)<\/strong>, cliquez <a rel=\"noreferrer noopener\" href=\"http:\/\/christelle-rosset.com\/index.php\/initiation-shoden-dans-la-lignee-usui-reiki-ryoho\/\" data-type=\"URL\" data-id=\"http:\/\/christelle-rosset.com\/index.php\/initiation-shoden-dans-la-lignee-usui-reiki-ryoho\/\" target=\"_blank\">ici.<\/a><\/p>\n\n\n\n<p class=\"has-background\" style=\"background-color:#b9eec8\"><strong>Je peux cr\u00e9er des groupes sur mesure <\/strong>(minimum de 3 personnes pour un stage de deux jours)<strong>, que ce soit en semaine ou les week-ends. Il est possible de le faire sur deux jours non cons\u00e9cutifs.<\/strong> Contactez-moi par courriel (christelle.rosset.accompagnement@gmail.com) pour convenir ensemble d&rsquo;une date. <\/p>\n\n\n\n<p class=\"has-background\" style=\"background-color:#87d77e\"><strong>Modalit\u00e9s<\/strong> <strong>pour la formation au <a href=\"http:\/\/christelle-rosset.com\/index.php\/okuden-dans-la-lignee-de-usui-reiki-ryoho\/\">Reiki Okuden (niveau II)<\/a><\/strong><\/p>\n\n\n\n<ul class=\"wp-block-list\">\n<li>Pr\u00e9requis: avoir fait le niveau I (avec moi ou un.e autre Ma\u00eetre)<\/li>\n\n\n\n<li>Pr\u00e9requis : avoir particip\u00e9 \u00e0 un Partage Reiki au minimum.<\/li>\n\n\n\n<li>Conseil: avoir fait une journ\u00e9e de Reiki Play Day.<\/li>\n\n\n\n<li><strong>Deux jours<\/strong> (10h-18h) dans le 18<sup>e<\/sup> \u00e0 Paris. <strong>Elle se fait obligatoirement en pr\u00e9sentiel\u00a0!<\/strong><\/li>\n\n\n\n<li>Un livret de formation vous sera remis.<\/li>\n\n\n\n<li>Vous recevrez un certificat \u00e0 l\u2019issue du module.<\/li>\n\n\n\n<li>Nombre de participant.e.s\u00a0: entre 3 et 8 maximum.<\/li>\n\n\n\n<li>Prix\u00a0: 320 euros.<\/li>\n<\/ul>\n\n\n\n<p> Pour en savoir plus sur le d\u00e9roul\u00e9 de <strong>Okuden (niveau II)<\/strong>, cliquez <a href=\"http:\/\/christelle-rosset.com\/index.php\/okuden-dans-la-lignee-de-usui-reiki-ryoho\/\">ici.<\/a><\/p>\n\n\n\n<p class=\"has-background\" style=\"background-color:#87d77e\"><strong>Modalit\u00e9s<\/strong> <strong>pour la formation au Reiki Shinpiden (niveau III)<\/strong><\/p>\n\n\n\n<ul class=\"wp-block-list\">\n<li>Pr\u00e9requis: avoir fait le niveau I et II  (avec moi ou un.e autre Ma\u00eetre)<\/li>\n\n\n\n<li>Pr\u00e9requis : avoir particip\u00e9 \u00e0 trois Partages Reiki au minimum.<\/li>\n\n\n\n<li>Conseil: avoir fait une journ\u00e9e de Reiki Play Day.<\/li>\n\n\n\n<li><strong>Trois jours <\/strong>(10h-18h) dans le 18<sup>e<\/sup> \u00e0 Paris. <strong>Elle se fait obligatoirement en pr\u00e9sentiel\u00a0!<\/strong><\/li>\n\n\n\n<li>Un livret de formation vous sera remis.<\/li>\n\n\n\n<li>Vous recevrez un certificat \u00e0 l\u2019issue du module.<\/li>\n\n\n\n<li>Nombre de participant.e.s\u00a0: entre 3 et 8 maximum.<\/li>\n\n\n\n<li>Prix\u00a0: 750 euros.<\/li>\n<\/ul>\n\n\n\n<p class=\"has-text-align-center has-background\" style=\"background-color:#87d77e\"><strong>T\u00e9moignages<\/strong><\/p>\n\n\n\n<p><em>Pour moi il y a eu clairement <strong>un avant et un apr\u00e8s dans ma vie gr\u00e2ce au Reiki.<\/strong><br><br>Je ne savais pas trop si c&rsquo;\u00e9tait pour moi ou si j&rsquo;\u00e9tais \u00ab\u00a0pr\u00eate\u00a0\u00bb pour d\u00e9couvrir et pratiquer le Reiki, j&rsquo;\u00e9tais intimid\u00e9e, mais j&rsquo;ai pu me rendre compte que cette philosophie et ses pratiques reviennent \u00e0 suivre l&rsquo;essentiel de ce qui est important dans la vie.<br><br>Je pratique tr\u00e8s r\u00e9guli\u00e8rement depuis le stage, et je sens bien <strong>une transformation dans mes fa\u00e7ons d&rsquo;aborder les vents et les mar\u00e9es du moment<\/strong>. J&rsquo;ai renforc\u00e9 ma capacit\u00e9 \u00e0 <strong>l\u00e2cher prise<\/strong> et \u00e0 accepter ce sur quoi je n&rsquo;ai pas de contr\u00f4le pour mieux vivre ma vie, plus sereinement.<br><br>C&rsquo;est d\u00e9j\u00e0 quelque chose que je travaillais avec Christelle en soins individuels et avec la m\u00e9ditation, mais le stage et la pratique ont renforc\u00e9 mon <strong>autonomie<\/strong>. Le fait de pouvoir se faire des soins \u00e0 soi-m\u00eame est simplement g\u00e9nial,<strong> je suis bluff\u00e9e du pouvoir qu&rsquo;on a en r\u00e9alit\u00e9.<\/strong><br><br>J&rsquo;avais rencontr\u00e9 des personnes formidables aux m\u00e9ditations et j&rsquo;ai fait le stage avec deux d&rsquo;entre elles, et nos <strong>moments d&rsquo;\u00e9changes<\/strong> sont tr\u00e8s pr\u00e9cieux. (S.)<\/em><\/p>\n","protected":false},"excerpt":{"rendered":"<p>Le Reiki est connu pour \u00eatre une m\u00e9thode de soin \u00e9nerg\u00e9tique. C\u2019est vrai mais c\u2019est tellement plus que cela. Je l&rsquo;ai compris en me formant avec Frans Stiene \u00e0 la International House of Reiki. Pour moi, c\u2019est avant tout un art de vivre ou une voie spirituelle (choisissez les mots qui r\u00e9sonnent le plus pour [&hellip;]<\/p>\n","protected":false},"author":1,"featured_media":0,"parent":0,"menu_order":0,"comment_status":"closed","ping_status":"closed","template":"","meta":{"footnotes":""},"class_list":["post-148","page","type-page","status-publish","hentry"],"_links":{"self":[{"href":"https:\/\/christelle-rosset.com\/index.php\/wp-json\/wp\/v2\/pages\/148","targetHints":{"allow":["GET"]}}],"collection":[{"href":"https:\/\/christelle-rosset.com\/index.php\/wp-json\/wp\/v2\/pages"}],"about":[{"href":"https:\/\/christelle-rosset.com\/index.php\/wp-json\/wp\/v2\/types\/page"}],"author":[{"embeddable":true,"href":"https:\/\/christelle-rosset.com\/index.php\/wp-json\/wp\/v2\/users\/1"}],"replies":[{"embeddable":true,"href":"https:\/\/christelle-rosset.com\/index.php\/wp-json\/wp\/v2\/comments?post=148"}],"version-history":[{"count":43,"href":"https:\/\/christelle-rosset.com\/index.php\/wp-json\/wp\/v2\/pages\/148\/revisions"}],"predecessor-version":[{"id":901,"href":"https:\/\/christelle-rosset.com\/index.php\/wp-json\/wp\/v2\/pages\/148\/revisions\/901"}],"wp:attachment":[{"href":"https:\/\/christelle-rosset.com\/index.php\/wp-json\/wp\/v2\/media?parent=148"}],"curies":[{"name":"wp","href":"https:\/\/api.w.org\/{rel}","templated":true}]}}