{"id":117,"date":"2020-06-05T15:58:02","date_gmt":"2020-06-05T13:58:02","guid":{"rendered":"http:\/\/christelle-rosset.com\/?page_id=117"},"modified":"2024-02-12T10:10:42","modified_gmt":"2024-02-12T09:10:42","slug":"contact","status":"publish","type":"page","link":"https:\/\/christelle-rosset.com\/index.php\/contact\/","title":{"rendered":"Contact"},"content":{"rendered":"\n<p class=\"has-background\" style=\"background-color:#87d77e\"><strong>Pour prendre un RDV individuel <\/strong><\/p>\n\n\n\n<p>Merci de me joindre au: 06.70.77.34.29<\/p>\n\n\n\n<p class=\"has-background\" style=\"background-color:#87d77e\"><strong>Pour s&rsquo;inscrire \u00e0 un atelier ou une formation<\/strong><\/p>\n\n\n\n<p>Merci de m&rsquo;envoyer un courriel \u00e0 l&rsquo;adresse suivante:<\/p>\n\n\n\n<p>christelle.rosset.accompagnement@gmail.com<\/p>\n\n\n\n<p class=\"has-background\" style=\"background-color:#87d77e\"><strong>Mes \u00a0tarifs<\/strong><\/p>\n\n\n\n<ul class=\"wp-block-list\"><li>En visioconf\u00e9rence sur Skype ou en pr\u00e9sentiel dans mon cabinet \u00e0 Paris 18e.<\/li><li>S\u00e9ance de 45 min(uniquement en visio): 55 euros*<\/li><li>S\u00e9ance de 1h : 70 euros*<\/li><li>S\u00e9ance de 1h15: 80 euros*<\/li><li>S\u00e9ance de 1h30 : 90 euros*<\/li><li>S\u00e9ance de 2h : 120 euros*<\/li><\/ul>\n\n\n\n<p>* Tarifs applicables jusqu\u2019en juin 2024.<\/p>\n","protected":false},"excerpt":{"rendered":"<p>Pour prendre un RDV individuel Merci de me joindre au: 06.70.77.34.29 Pour s&rsquo;inscrire \u00e0 un atelier ou une formation Merci de m&rsquo;envoyer un courriel \u00e0 l&rsquo;adresse suivante: christelle.rosset.accompagnement@gmail.com Mes \u00a0tarifs En visioconf\u00e9rence sur Skype ou en pr\u00e9sentiel dans mon cabinet \u00e0 Paris 18e. S\u00e9ance de 45 min(uniquement en visio): 55 euros* S\u00e9ance de 1h : [&hellip;]<\/p>\n","protected":false},"author":1,"featured_media":0,"parent":0,"menu_order":0,"comment_status":"closed","ping_status":"closed","template":"","meta":{"footnotes":""},"class_list":["post-117","page","type-page","status-publish","hentry"],"_links":{"self":[{"href":"https:\/\/christelle-rosset.com\/index.php\/wp-json\/wp\/v2\/pages\/117","targetHints":{"allow":["GET"]}}],"collection":[{"href":"https:\/\/christelle-rosset.com\/index.php\/wp-json\/wp\/v2\/pages"}],"about":[{"href":"https:\/\/christelle-rosset.com\/index.php\/wp-json\/wp\/v2\/types\/page"}],"author":[{"embeddable":true,"href":"https:\/\/christelle-rosset.com\/index.php\/wp-json\/wp\/v2\/users\/1"}],"replies":[{"embeddable":true,"href":"https:\/\/christelle-rosset.com\/index.php\/wp-json\/wp\/v2\/comments?post=117"}],"version-history":[{"count":8,"href":"https:\/\/christelle-rosset.com\/index.php\/wp-json\/wp\/v2\/pages\/117\/revisions"}],"predecessor-version":[{"id":824,"href":"https:\/\/christelle-rosset.com\/index.php\/wp-json\/wp\/v2\/pages\/117\/revisions\/824"}],"wp:attachment":[{"href":"https:\/\/christelle-rosset.com\/index.php\/wp-json\/wp\/v2\/media?parent=117"}],"curies":[{"name":"wp","href":"https:\/\/api.w.org\/{rel}","templated":true}]}}